{"id":13556,"date":"2025-07-24T10:16:13","date_gmt":"2025-07-24T08:16:13","guid":{"rendered":"https:\/\/clinter.es\/?page_id=13556"},"modified":"2025-07-29T14:43:01","modified_gmt":"2025-07-29T12:43:01","slug":"sworn-translation-marriage-certificate","status":"publish","type":"page","link":"https:\/\/clinter.es\/en\/sworn-translation-marriage-certificate\/","title":{"rendered":"Sworn Translation of a Marriage Certificate"},"content":{"rendered":"\t\t<div data-elementor-type=\"wp-page\" data-elementor-id=\"13556\" class=\"elementor elementor-13556\" data-elementor-post-type=\"page\">\n\t\t\t\t<div data-dce-background-image-url=\"https:\/\/clinter.es\/wp-content\/uploads\/2025\/07\/Hero-4.png\" class=\"elementor-element elementor-element-cb2c09b e-flex e-con-boxed e-con e-parent\" data-id=\"cb2c09b\" data-element_type=\"container\" data-e-type=\"container\" data-settings=\"{&quot;background_background&quot;:&quot;classic&quot;}\">\n\t\t\t\t\t<div class=\"e-con-inner\">\n\t\t<div class=\"elementor-element elementor-element-938b77b e-con-full e-flex e-con e-child\" data-id=\"938b77b\" data-element_type=\"container\" data-e-type=\"container\">\n\t\t\t\t<div class=\"elementor-element elementor-element-2f2e9ae elementor-widget elementor-widget-heading\" data-id=\"2f2e9ae\" data-element_type=\"widget\" data-e-type=\"widget\" data-widget_type=\"heading.default\">\n\t\t\t\t<div class=\"elementor-widget-container\">\n\t\t\t\t\t<h1 class=\"elementor-heading-title elementor-size-default\">Sworn translation of the marriage certificate<\/h1>\t\t\t\t<\/div>\n\t\t\t\t<\/div>\n\t\t\t\t<\/div>\n\t\t<div class=\"elementor-element elementor-element-93063e5 e-con-full e-flex e-con e-child\" data-id=\"93063e5\" data-element_type=\"container\" data-e-type=\"container\">\n\t\t\t\t<div class=\"elementor-element elementor-element-e10f58b elementor-widget elementor-widget-text-editor\" data-id=\"e10f58b\" data-element_type=\"widget\" data-e-type=\"widget\" data-widget_type=\"text-editor.default\">\n\t\t\t\t<div class=\"elementor-widget-container\">\n\t\t\t\t\t\t\t\t\t<p>This sworn translation of the marriage certificate will be necessary if you wish to carry out some bureaucratic formalities such as:<\/p>\n<ul>\n<li>Registrations or changes in the Municipal Census<\/li>\n<li>Processing an adoption<\/li>\n<li>Legalising a divorce<\/li>\n<li>Applying for a visa<\/li>\n<li>Applying for a mortgage<\/li>\n<li>Applying for a loan<\/li>\n<li>Taking out health insurance<\/li>\n<\/ul>\t\t\t\t\t\t\t\t<\/div>\n\t\t\t\t<\/div>\n\t\t\t\t<div class=\"elementor-element elementor-element-9fee2dd elementor-mobile-align-left elementor-widget__width-initial elementor-widget elementor-widget-button\" data-id=\"9fee2dd\" data-element_type=\"widget\" data-e-type=\"widget\" data-widget_type=\"button.default\">\n\t\t\t\t<div class=\"elementor-widget-container\">\n\t\t\t\t\t\t\t\t\t<div class=\"elementor-button-wrapper\">\n\t\t\t\t\t<a class=\"elementor-button elementor-button-link elementor-size-sm\" href=\"#form\">\n\t\t\t\t\t\t<span class=\"elementor-button-content-wrapper\">\n\t\t\t\t\t\t<span class=\"elementor-button-icon\">\n\t\t\t\t<svg aria-hidden=\"true\" class=\"e-font-icon-svg e-fas-arrow-right\" viewBox=\"0 0 448 512\" xmlns=\"http:\/\/www.w3.org\/2000\/svg\"><path d=\"M190.5 66.9l22.2-22.2c9.4-9.4 24.6-9.4 33.9 0L441 239c9.4 9.4 9.4 24.6 0 33.9L246.6 467.3c-9.4 9.4-24.6 9.4-33.9 0l-22.2-22.2c-9.5-9.5-9.3-25 .4-34.3L311.4 296H24c-13.3 0-24-10.7-24-24v-32c0-13.3 10.7-24 24-24h287.4L190.9 101.2c-9.8-9.3-10-24.8-.4-34.3z\"><\/path><\/svg>\t\t\t<\/span>\n\t\t\t\t\t\t\t\t\t<span class=\"elementor-button-text\">Ask for a quote now<\/span>\n\t\t\t\t\t<\/span>\n\t\t\t\t\t<\/a>\n\t\t\t\t<\/div>\n\t\t\t\t\t\t\t\t<\/div>\n\t\t\t\t<\/div>\n\t\t\t\t<\/div>\n\t\t\t\t\t<\/div>\n\t\t\t\t<\/div>\n\t\t<div data-dce-background-image-url=\"https:\/\/clinter.es\/wp-content\/uploads\/2025\/07\/bg_section_2.webp\" class=\"elementor-element elementor-element-5c9c5a2 e-flex e-con-boxed e-con e-parent\" data-id=\"5c9c5a2\" data-element_type=\"container\" data-e-type=\"container\" data-settings=\"{&quot;background_background&quot;:&quot;classic&quot;}\">\n\t\t\t\t\t<div class=\"e-con-inner\">\n\t\t<div class=\"elementor-element elementor-element-0707b8d e-con-full e-flex e-con e-child\" data-id=\"0707b8d\" data-element_type=\"container\" data-e-type=\"container\" data-settings=\"{&quot;background_background&quot;:&quot;classic&quot;}\">\n\t\t\t\t<div class=\"elementor-element elementor-element-4b6ecc2 elementor-widget elementor-widget-heading\" data-id=\"4b6ecc2\" data-element_type=\"widget\" data-e-type=\"widget\" data-widget_type=\"heading.default\">\n\t\t\t\t<div class=\"elementor-widget-container\">\n\t\t\t\t\t<h2 class=\"elementor-heading-title elementor-size-default\">In addition<\/h2>\t\t\t\t<\/div>\n\t\t\t\t<\/div>\n\t\t\t\t<div class=\"elementor-element elementor-element-f9dc296 elementor-widget elementor-widget-text-editor\" data-id=\"f9dc296\" data-element_type=\"widget\" data-e-type=\"widget\" data-widget_type=\"text-editor.default\">\n\t\t\t\t<div class=\"elementor-widget-container\">\n\t\t\t\t\t\t\t\t\t<p>Depending on the country in which you are required to provide a sworn translation of the marriage certificate, you may also be asked to provide the Hague Apostille. We always advise you to check with the institution before undertaking any translation.<\/p>\n<p>These sworn translations must be translated by translators authorised by the Spanish Ministry of Foreign Affairs to guarantee their veracity and legality before any official body.<\/p>\n<p>These must include the stamp and signature of the sworn translator authorised by the Spanish Ministry of Foreign Affairs. They are therefore legally responsible for the accuracy of the content of the translation in relation to the original document.<\/p>\t\t\t\t\t\t\t\t<\/div>\n\t\t\t\t<\/div>\n\t\t\t\t<\/div>\n\t\t<div data-dce-background-image-url=\"https:\/\/clinter.es\/wp-content\/uploads\/2025\/07\/Frame-1618873155-19.png\" class=\"elementor-element elementor-element-d2318ac e-con-full e-flex e-con e-child\" data-id=\"d2318ac\" data-element_type=\"container\" data-e-type=\"container\" data-settings=\"{&quot;background_background&quot;:&quot;classic&quot;}\">\n\t\t\t\t<\/div>\n\t\t\t\t\t<\/div>\n\t\t\t\t<\/div>\n\t\t<div data-dce-background-image-url=\"https:\/\/clinter.es\/wp-content\/uploads\/2025\/07\/bg_section_3.webp\" class=\"elementor-element elementor-element-73c1577 e-flex e-con-boxed e-con e-parent\" data-id=\"73c1577\" data-element_type=\"container\" data-e-type=\"container\" data-settings=\"{&quot;background_background&quot;:&quot;classic&quot;}\">\n\t\t\t\t\t<div class=\"e-con-inner\">\n\t\t\t\t<div class=\"elementor-element elementor-element-18bbc0e elementor-widget__width-initial elementor-widget elementor-widget-heading\" data-id=\"18bbc0e\" data-element_type=\"widget\" data-e-type=\"widget\" data-widget_type=\"heading.default\">\n\t\t\t\t<div class=\"elementor-widget-container\">\n\t\t\t\t\t<h2 class=\"elementor-heading-title elementor-size-default\">How much does a sworn <span class=\"text_decoration_two\">translation of a marriage<\/span> certificate cost and how long does it take?<\/h2>\t\t\t\t<\/div>\n\t\t\t\t<\/div>\n\t\t\t\t<div class=\"elementor-element elementor-element-dc994b6 elementor-widget elementor-widget-text-editor\" data-id=\"dc994b6\" data-element_type=\"widget\" data-e-type=\"widget\" data-widget_type=\"text-editor.default\">\n\t\t\t\t<div class=\"elementor-widget-container\">\n\t\t\t\t\t\t\t\t\t<p>A sworn translation of a marriage certificate is normally very quick, so from the date of confirmation it takes approximately 2-4 working days. We also deliver nationally and internationally, so you will be able to receive the document at your own address, applying the corresponding fee according to the destination requested.<\/p>\n<p>At Clinter we have a special promotion for this document provided that they are issued by Spanish institutions for the following languages:<\/p>\t\t\t\t\t\t\t\t<\/div>\n\t\t\t\t<\/div>\n\t\t\t\t<div class=\"elementor-element elementor-element-eefdf05 elementor-icon-list--layout-traditional elementor-list-item-link-full_width elementor-widget elementor-widget-icon-list\" data-id=\"eefdf05\" data-element_type=\"widget\" data-e-type=\"widget\" data-widget_type=\"icon-list.default\">\n\t\t\t\t<div class=\"elementor-widget-container\">\n\t\t\t\t\t\t\t<ul class=\"elementor-icon-list-items\">\n\t\t\t\t\t\t\t<li class=\"elementor-icon-list-item\">\n\t\t\t\t\t\t\t\t\t\t\t<span class=\"elementor-icon-list-icon\">\n\t\t\t\t\t\t\t<svg aria-hidden=\"true\" class=\"e-font-icon-svg e-fas-arrow-right\" viewBox=\"0 0 448 512\" xmlns=\"http:\/\/www.w3.org\/2000\/svg\"><path d=\"M190.5 66.9l22.2-22.2c9.4-9.4 24.6-9.4 33.9 0L441 239c9.4 9.4 9.4 24.6 0 33.9L246.6 467.3c-9.4 9.4-24.6 9.4-33.9 0l-22.2-22.2c-9.5-9.5-9.3-25 .4-34.3L311.4 296H24c-13.3 0-24-10.7-24-24v-32c0-13.3 10.7-24 24-24h287.4L190.9 101.2c-9.8-9.3-10-24.8-.4-34.3z\"><\/path><\/svg>\t\t\t\t\t\t<\/span>\n\t\t\t\t\t\t\t\t\t\t<span class=\"elementor-icon-list-text\">Sworn translation of a\u00a0<b>marriage certificate into English for only \u20ac30 (except literal certificates).<\/b><\/span>\n\t\t\t\t\t\t\t\t\t<\/li>\n\t\t\t\t\t\t<\/ul>\n\t\t\t\t\t\t<\/div>\n\t\t\t\t<\/div>\n\t\t\t\t<div class=\"elementor-element elementor-element-00dce06 elementor-icon-list--layout-traditional elementor-list-item-link-full_width elementor-widget elementor-widget-icon-list\" data-id=\"00dce06\" data-element_type=\"widget\" data-e-type=\"widget\" data-widget_type=\"icon-list.default\">\n\t\t\t\t<div class=\"elementor-widget-container\">\n\t\t\t\t\t\t\t<ul class=\"elementor-icon-list-items\">\n\t\t\t\t\t\t\t<li class=\"elementor-icon-list-item\">\n\t\t\t\t\t\t\t\t\t\t\t<span class=\"elementor-icon-list-icon\">\n\t\t\t\t\t\t\t<svg aria-hidden=\"true\" class=\"e-font-icon-svg e-fas-arrow-right\" viewBox=\"0 0 448 512\" xmlns=\"http:\/\/www.w3.org\/2000\/svg\"><path d=\"M190.5 66.9l22.2-22.2c9.4-9.4 24.6-9.4 33.9 0L441 239c9.4 9.4 9.4 24.6 0 33.9L246.6 467.3c-9.4 9.4-24.6 9.4-33.9 0l-22.2-22.2c-9.5-9.5-9.3-25 .4-34.3L311.4 296H24c-13.3 0-24-10.7-24-24v-32c0-13.3 10.7-24 24-24h287.4L190.9 101.2c-9.8-9.3-10-24.8-.4-34.3z\"><\/path><\/svg>\t\t\t\t\t\t<\/span>\n\t\t\t\t\t\t\t\t\t\t<span class=\"elementor-icon-list-text\">Sworn translation of a\u00a0<b>marriage certificate into French for only \u20ac30 (except literal certificates).<\/b><\/span>\n\t\t\t\t\t\t\t\t\t<\/li>\n\t\t\t\t\t\t<\/ul>\n\t\t\t\t\t\t<\/div>\n\t\t\t\t<\/div>\n\t\t\t\t<div class=\"elementor-element elementor-element-a66de89 elementor-icon-list--layout-traditional elementor-list-item-link-full_width elementor-widget elementor-widget-icon-list\" data-id=\"a66de89\" data-element_type=\"widget\" data-e-type=\"widget\" data-widget_type=\"icon-list.default\">\n\t\t\t\t<div class=\"elementor-widget-container\">\n\t\t\t\t\t\t\t<ul class=\"elementor-icon-list-items\">\n\t\t\t\t\t\t\t<li class=\"elementor-icon-list-item\">\n\t\t\t\t\t\t\t\t\t\t\t<span class=\"elementor-icon-list-icon\">\n\t\t\t\t\t\t\t<svg aria-hidden=\"true\" class=\"e-font-icon-svg e-fas-arrow-right\" viewBox=\"0 0 448 512\" xmlns=\"http:\/\/www.w3.org\/2000\/svg\"><path d=\"M190.5 66.9l22.2-22.2c9.4-9.4 24.6-9.4 33.9 0L441 239c9.4 9.4 9.4 24.6 0 33.9L246.6 467.3c-9.4 9.4-24.6 9.4-33.9 0l-22.2-22.2c-9.5-9.5-9.3-25 .4-34.3L311.4 296H24c-13.3 0-24-10.7-24-24v-32c0-13.3 10.7-24 24-24h287.4L190.9 101.2c-9.8-9.3-10-24.8-.4-34.3z\"><\/path><\/svg>\t\t\t\t\t\t<\/span>\n\t\t\t\t\t\t\t\t\t\t<span class=\"elementor-icon-list-text\">Sworn translation of a\u00a0<b>marriage certificate into Italian for only \u20ac35 (except literal certificates).<\/b><\/span>\n\t\t\t\t\t\t\t\t\t<\/li>\n\t\t\t\t\t\t<\/ul>\n\t\t\t\t\t\t<\/div>\n\t\t\t\t<\/div>\n\t\t\t\t<div class=\"elementor-element elementor-element-87ae194 elementor-widget elementor-widget-text-editor\" data-id=\"87ae194\" data-element_type=\"widget\" data-e-type=\"widget\" data-widget_type=\"text-editor.default\">\n\t\t\t\t<div class=\"elementor-widget-container\">\n\t\t\t\t\t\t\t\t\t<p>At Clinter we have a special promotion for this document from Spanish to the corresponding target language:<\/p>\t\t\t\t\t\t\t\t<\/div>\n\t\t\t\t<\/div>\n\t\t\t\t<div class=\"elementor-element elementor-element-dff171b elementor-icon-list--layout-traditional elementor-list-item-link-full_width elementor-widget elementor-widget-icon-list\" data-id=\"dff171b\" data-element_type=\"widget\" data-e-type=\"widget\" data-widget_type=\"icon-list.default\">\n\t\t\t\t<div class=\"elementor-widget-container\">\n\t\t\t\t\t\t\t<ul class=\"elementor-icon-list-items\">\n\t\t\t\t\t\t\t<li class=\"elementor-icon-list-item\">\n\t\t\t\t\t\t\t\t\t\t\t<span class=\"elementor-icon-list-icon\">\n\t\t\t\t\t\t\t<svg aria-hidden=\"true\" class=\"e-font-icon-svg e-fas-arrow-right\" viewBox=\"0 0 448 512\" xmlns=\"http:\/\/www.w3.org\/2000\/svg\"><path d=\"M190.5 66.9l22.2-22.2c9.4-9.4 24.6-9.4 33.9 0L441 239c9.4 9.4 9.4 24.6 0 33.9L246.6 467.3c-9.4 9.4-24.6 9.4-33.9 0l-22.2-22.2c-9.5-9.5-9.3-25 .4-34.3L311.4 296H24c-13.3 0-24-10.7-24-24v-32c0-13.3 10.7-24 24-24h287.4L190.9 101.2c-9.8-9.3-10-24.8-.4-34.3z\"><\/path><\/svg>\t\t\t\t\t\t<\/span>\n\t\t\t\t\t\t\t\t\t\t<span class=\"elementor-icon-list-text\">Sworn translation of a\u00a0<b>marriage certificate from English into Spanish for only \u20ac30.<\/b><\/span>\n\t\t\t\t\t\t\t\t\t<\/li>\n\t\t\t\t\t\t<\/ul>\n\t\t\t\t\t\t<\/div>\n\t\t\t\t<\/div>\n\t\t\t\t<div class=\"elementor-element elementor-element-bf3719c elementor-icon-list--layout-traditional elementor-list-item-link-full_width elementor-widget elementor-widget-icon-list\" data-id=\"bf3719c\" data-element_type=\"widget\" data-e-type=\"widget\" data-widget_type=\"icon-list.default\">\n\t\t\t\t<div class=\"elementor-widget-container\">\n\t\t\t\t\t\t\t<ul class=\"elementor-icon-list-items\">\n\t\t\t\t\t\t\t<li class=\"elementor-icon-list-item\">\n\t\t\t\t\t\t\t\t\t\t\t<span class=\"elementor-icon-list-icon\">\n\t\t\t\t\t\t\t<svg aria-hidden=\"true\" class=\"e-font-icon-svg e-fas-arrow-right\" viewBox=\"0 0 448 512\" xmlns=\"http:\/\/www.w3.org\/2000\/svg\"><path d=\"M190.5 66.9l22.2-22.2c9.4-9.4 24.6-9.4 33.9 0L441 239c9.4 9.4 9.4 24.6 0 33.9L246.6 467.3c-9.4 9.4-24.6 9.4-33.9 0l-22.2-22.2c-9.5-9.5-9.3-25 .4-34.3L311.4 296H24c-13.3 0-24-10.7-24-24v-32c0-13.3 10.7-24 24-24h287.4L190.9 101.2c-9.8-9.3-10-24.8-.4-34.3z\"><\/path><\/svg>\t\t\t\t\t\t<\/span>\n\t\t\t\t\t\t\t\t\t\t<span class=\"elementor-icon-list-text\">Sworn translation of a\u00a0<b>marriage certificate from French into Spanish for only \u20ac30.<\/b><\/span>\n\t\t\t\t\t\t\t\t\t<\/li>\n\t\t\t\t\t\t<\/ul>\n\t\t\t\t\t\t<\/div>\n\t\t\t\t<\/div>\n\t\t\t\t<div class=\"elementor-element elementor-element-821f0bc elementor-icon-list--layout-traditional elementor-list-item-link-full_width elementor-widget elementor-widget-icon-list\" data-id=\"821f0bc\" data-element_type=\"widget\" data-e-type=\"widget\" data-widget_type=\"icon-list.default\">\n\t\t\t\t<div class=\"elementor-widget-container\">\n\t\t\t\t\t\t\t<ul class=\"elementor-icon-list-items\">\n\t\t\t\t\t\t\t<li class=\"elementor-icon-list-item\">\n\t\t\t\t\t\t\t\t\t\t\t<span class=\"elementor-icon-list-icon\">\n\t\t\t\t\t\t\t<svg aria-hidden=\"true\" class=\"e-font-icon-svg e-fas-arrow-right\" viewBox=\"0 0 448 512\" xmlns=\"http:\/\/www.w3.org\/2000\/svg\"><path d=\"M190.5 66.9l22.2-22.2c9.4-9.4 24.6-9.4 33.9 0L441 239c9.4 9.4 9.4 24.6 0 33.9L246.6 467.3c-9.4 9.4-24.6 9.4-33.9 0l-22.2-22.2c-9.5-9.5-9.3-25 .4-34.3L311.4 296H24c-13.3 0-24-10.7-24-24v-32c0-13.3 10.7-24 24-24h287.4L190.9 101.2c-9.8-9.3-10-24.8-.4-34.3z\"><\/path><\/svg>\t\t\t\t\t\t<\/span>\n\t\t\t\t\t\t\t\t\t\t<span class=\"elementor-icon-list-text\">Sworn translation of\u00a0<b>criminal records from Italian into Spanish for only \u20ac30.<\/b><\/span>\n\t\t\t\t\t\t\t\t\t<\/li>\n\t\t\t\t\t\t<\/ul>\n\t\t\t\t\t\t<\/div>\n\t\t\t\t<\/div>\n\t\t\t\t\t<\/div>\n\t\t\t\t<\/div>\n\t\t<div class=\"elementor-element elementor-element-86512fb e-flex e-con-boxed e-con e-parent\" data-id=\"86512fb\" data-element_type=\"container\" data-e-type=\"container\" data-settings=\"{&quot;background_background&quot;:&quot;classic&quot;}\">\n\t\t\t\t\t<div class=\"e-con-inner\">\n\t\t<div class=\"elementor-element elementor-element-4eb9d14 e-con-full e-flex e-con e-child\" data-id=\"4eb9d14\" data-element_type=\"container\" data-e-type=\"container\" data-settings=\"{&quot;background_background&quot;:&quot;classic&quot;}\">\n\t\t\t\t<div class=\"elementor-element elementor-element-e1c4f65 elementor-widget elementor-widget-heading\" data-id=\"e1c4f65\" data-element_type=\"widget\" data-e-type=\"widget\" data-widget_type=\"heading.default\">\n\t\t\t\t<div class=\"elementor-widget-container\">\n\t\t\t\t\t<h2 class=\"elementor-heading-title elementor-size-default\">When is a sworn translation of a marriage certificate required?<\/h2>\t\t\t\t<\/div>\n\t\t\t\t<\/div>\n\t\t\t\t<div class=\"elementor-element elementor-element-b00c263 elementor-widget elementor-widget-text-editor\" data-id=\"b00c263\" data-element_type=\"widget\" data-e-type=\"widget\" data-widget_type=\"text-editor.default\">\n\t\t\t\t<div class=\"elementor-widget-container\">\n\t\t\t\t\t\t\t\t\t<p>Simply <strong>send us your scanned death certificate by email to<\/strong> <span style=\"text-decoration: underline;\"><a href=\"mailto:clinter@clinter.es\">clinter@clinter.es<\/a><\/span> or via the <span style=\"text-decoration: underline;\"><a href=\"https:\/\/clinter.es\/en\/contact\/\">Quotation Form on our website<\/a><\/span>. It\u2019s easy and quick!<\/p>\n<p>It is important that the scanned document has a high resolution and is legible as it contains relevant information written in a very small size, as well as containing elements that are not easily discernible.<\/p>\n<p><strong>Our management team will receive your request and will get back to you as soon as possible.<\/strong> Once the quote is agreed we will get to work and have your sworn translation signed and stamped by a sworn translator certified by the Spanish Ministry of Foreign Affairs. You can come and collect your translation at our offices, or to we can send it to you by email.<\/p>\n<p>You can choose how you want to collect the document. Adem\u00e1s, tendr\u00e1s una copia de la traducci\u00f3n jurada del t\u00edtulo de bachiller en PDF de forma gratuita, adem\u00e1s del documento debidamente escaneado, firmado y sellado por un traductor jurado habilitado por el MAEC.<\/p>\t\t\t\t\t\t\t\t<\/div>\n\t\t\t\t<\/div>\n\t\t\t\t<\/div>\n\t\t<div data-dce-background-image-url=\"https:\/\/clinter.es\/wp-content\/uploads\/2025\/07\/Frame-1618873155-7.png\" class=\"elementor-element elementor-element-cbc5ef3 e-con-full e-flex e-con e-child\" data-id=\"cbc5ef3\" data-element_type=\"container\" data-e-type=\"container\" data-settings=\"{&quot;background_background&quot;:&quot;classic&quot;}\">\n\t\t\t\t<\/div>\n\t\t\t\t\t<\/div>\n\t\t\t\t<\/div>\n\t\t\t\t<\/div>\n\t\t","protected":false},"excerpt":{"rendered":"<p>Sworn translation of the marriage certificate This sworn translation of the marriage certificate will be necessary if you wish to carry out some bureaucratic formalities such as: Registrations or changes in the Municipal Census Processing an adoption Legalising a divorce Applying for a visa Applying for a mortgage Applying for a loan Taking out health [&hellip;]<\/p>\n","protected":false},"author":8,"featured_media":0,"parent":0,"menu_order":0,"comment_status":"closed","ping_status":"closed","template":"","meta":{"footnotes":""},"class_list":["post-13556","page","type-page","status-publish","hentry"],"yoast_head":"<!-- This site is optimized with the Yoast SEO plugin v27.2 - https:\/\/yoast.com\/product\/yoast-seo-wordpress\/ -->\n<title>Sworn Translation of a Marriage Certificate | CLINTER<\/title>\n<meta name=\"description\" content=\"Sworn translation of a marriage certificate by a sworn translator authorised by the MAEC. Take advantage of this promotion!\" \/>\n<meta name=\"robots\" content=\"index, follow, max-snippet:-1, max-image-preview:large, max-video-preview:-1\" \/>\n<link rel=\"canonical\" href=\"https:\/\/clinter.es\/en\/sworn-translation-marriage-certificate\/\" \/>\n<meta property=\"og:locale\" content=\"en_US\" \/>\n<meta property=\"og:type\" content=\"article\" \/>\n<meta property=\"og:title\" content=\"Sworn Translation of a Marriage Certificate | CLINTER\" \/>\n<meta property=\"og:description\" content=\"Sworn translation of a marriage certificate by a sworn translator authorised by the MAEC. Take advantage of this promotion!\" \/>\n<meta property=\"og:url\" content=\"https:\/\/clinter.es\/en\/sworn-translation-marriage-certificate\/\" \/>\n<meta property=\"og:site_name\" content=\"Clinter\" \/>\n<meta property=\"article:modified_time\" content=\"2025-07-29T12:43:01+00:00\" \/>\n<meta name=\"twitter:card\" content=\"summary_large_image\" \/>\n<meta name=\"twitter:label1\" content=\"Est. reading time\" \/>\n\t<meta name=\"twitter:data1\" content=\"3 minutes\" \/>\n<script type=\"application\/ld+json\" class=\"yoast-schema-graph\">{\"@context\":\"https:\/\/schema.org\",\"@graph\":[{\"@type\":\"WebPage\",\"@id\":\"https:\/\/clinter.es\/en\/sworn-translation-marriage-certificate\/\",\"url\":\"https:\/\/clinter.es\/en\/sworn-translation-marriage-certificate\/\",\"name\":\"Sworn Translation of a Marriage Certificate | CLINTER\",\"isPartOf\":{\"@id\":\"https:\/\/clinter.es\/en\/#website\"},\"datePublished\":\"2025-07-24T08:16:13+00:00\",\"dateModified\":\"2025-07-29T12:43:01+00:00\",\"description\":\"Sworn translation of a marriage certificate by a sworn translator authorised by the MAEC. Take advantage of this promotion!\",\"breadcrumb\":{\"@id\":\"https:\/\/clinter.es\/en\/sworn-translation-marriage-certificate\/#breadcrumb\"},\"inLanguage\":\"en-US\",\"potentialAction\":[{\"@type\":\"ReadAction\",\"target\":[\"https:\/\/clinter.es\/en\/sworn-translation-marriage-certificate\/\"]}]},{\"@type\":\"BreadcrumbList\",\"@id\":\"https:\/\/clinter.es\/en\/sworn-translation-marriage-certificate\/#breadcrumb\",\"itemListElement\":[{\"@type\":\"ListItem\",\"position\":1,\"name\":\"Home page\",\"item\":\"https:\/\/clinter.es\/en\/\"},{\"@type\":\"ListItem\",\"position\":2,\"name\":\"Sworn Translation of a Marriage Certificate\"}]},{\"@type\":\"WebSite\",\"@id\":\"https:\/\/clinter.es\/en\/#website\",\"url\":\"https:\/\/clinter.es\/en\/\",\"name\":\"Clinter\",\"description\":\"Traducciones e intepretaciones\",\"publisher\":{\"@id\":\"https:\/\/clinter.es\/en\/#organization\"},\"potentialAction\":[{\"@type\":\"SearchAction\",\"target\":{\"@type\":\"EntryPoint\",\"urlTemplate\":\"https:\/\/clinter.es\/en\/?s={search_term_string}\"},\"query-input\":{\"@type\":\"PropertyValueSpecification\",\"valueRequired\":true,\"valueName\":\"search_term_string\"}}],\"inLanguage\":\"en-US\"},{\"@type\":\"Organization\",\"@id\":\"https:\/\/clinter.es\/en\/#organization\",\"name\":\"Clinter\",\"url\":\"https:\/\/clinter.es\/en\/\",\"logo\":{\"@type\":\"ImageObject\",\"inLanguage\":\"en-US\",\"@id\":\"https:\/\/clinter.es\/en\/#\/schema\/logo\/image\/\",\"url\":\"https:\/\/clinter.es\/wp-content\/uploads\/2025\/06\/logo-color-clinter.png\",\"contentUrl\":\"https:\/\/clinter.es\/wp-content\/uploads\/2025\/06\/logo-color-clinter.png\",\"width\":300,\"height\":102,\"caption\":\"Clinter\"},\"image\":{\"@id\":\"https:\/\/clinter.es\/en\/#\/schema\/logo\/image\/\"}}]}<\/script>\n<!-- \/ Yoast SEO plugin. -->","yoast_head_json":{"title":"Sworn Translation of a Marriage Certificate | CLINTER","description":"Sworn translation of a marriage certificate by a sworn translator authorised by the MAEC. Take advantage of this promotion!","robots":{"index":"index","follow":"follow","max-snippet":"max-snippet:-1","max-image-preview":"max-image-preview:large","max-video-preview":"max-video-preview:-1"},"canonical":"https:\/\/clinter.es\/en\/sworn-translation-marriage-certificate\/","og_locale":"en_US","og_type":"article","og_title":"Sworn Translation of a Marriage Certificate | CLINTER","og_description":"Sworn translation of a marriage certificate by a sworn translator authorised by the MAEC. Take advantage of this promotion!","og_url":"https:\/\/clinter.es\/en\/sworn-translation-marriage-certificate\/","og_site_name":"Clinter","article_modified_time":"2025-07-29T12:43:01+00:00","twitter_card":"summary_large_image","twitter_misc":{"Est. reading time":"3 minutes"},"schema":{"@context":"https:\/\/schema.org","@graph":[{"@type":"WebPage","@id":"https:\/\/clinter.es\/en\/sworn-translation-marriage-certificate\/","url":"https:\/\/clinter.es\/en\/sworn-translation-marriage-certificate\/","name":"Sworn Translation of a Marriage Certificate | CLINTER","isPartOf":{"@id":"https:\/\/clinter.es\/en\/#website"},"datePublished":"2025-07-24T08:16:13+00:00","dateModified":"2025-07-29T12:43:01+00:00","description":"Sworn translation of a marriage certificate by a sworn translator authorised by the MAEC. Take advantage of this promotion!","breadcrumb":{"@id":"https:\/\/clinter.es\/en\/sworn-translation-marriage-certificate\/#breadcrumb"},"inLanguage":"en-US","potentialAction":[{"@type":"ReadAction","target":["https:\/\/clinter.es\/en\/sworn-translation-marriage-certificate\/"]}]},{"@type":"BreadcrumbList","@id":"https:\/\/clinter.es\/en\/sworn-translation-marriage-certificate\/#breadcrumb","itemListElement":[{"@type":"ListItem","position":1,"name":"Home page","item":"https:\/\/clinter.es\/en\/"},{"@type":"ListItem","position":2,"name":"Sworn Translation of a Marriage Certificate"}]},{"@type":"WebSite","@id":"https:\/\/clinter.es\/en\/#website","url":"https:\/\/clinter.es\/en\/","name":"Clinter","description":"Traducciones e intepretaciones","publisher":{"@id":"https:\/\/clinter.es\/en\/#organization"},"potentialAction":[{"@type":"SearchAction","target":{"@type":"EntryPoint","urlTemplate":"https:\/\/clinter.es\/en\/?s={search_term_string}"},"query-input":{"@type":"PropertyValueSpecification","valueRequired":true,"valueName":"search_term_string"}}],"inLanguage":"en-US"},{"@type":"Organization","@id":"https:\/\/clinter.es\/en\/#organization","name":"Clinter","url":"https:\/\/clinter.es\/en\/","logo":{"@type":"ImageObject","inLanguage":"en-US","@id":"https:\/\/clinter.es\/en\/#\/schema\/logo\/image\/","url":"https:\/\/clinter.es\/wp-content\/uploads\/2025\/06\/logo-color-clinter.png","contentUrl":"https:\/\/clinter.es\/wp-content\/uploads\/2025\/06\/logo-color-clinter.png","width":300,"height":102,"caption":"Clinter"},"image":{"@id":"https:\/\/clinter.es\/en\/#\/schema\/logo\/image\/"}}]}},"_links":{"self":[{"href":"https:\/\/clinter.es\/en\/wp-json\/wp\/v2\/pages\/13556","targetHints":{"allow":["GET"]}}],"collection":[{"href":"https:\/\/clinter.es\/en\/wp-json\/wp\/v2\/pages"}],"about":[{"href":"https:\/\/clinter.es\/en\/wp-json\/wp\/v2\/types\/page"}],"author":[{"embeddable":true,"href":"https:\/\/clinter.es\/en\/wp-json\/wp\/v2\/users\/8"}],"replies":[{"embeddable":true,"href":"https:\/\/clinter.es\/en\/wp-json\/wp\/v2\/comments?post=13556"}],"version-history":[{"count":9,"href":"https:\/\/clinter.es\/en\/wp-json\/wp\/v2\/pages\/13556\/revisions"}],"predecessor-version":[{"id":14597,"href":"https:\/\/clinter.es\/en\/wp-json\/wp\/v2\/pages\/13556\/revisions\/14597"}],"wp:attachment":[{"href":"https:\/\/clinter.es\/en\/wp-json\/wp\/v2\/media?parent=13556"}],"curies":[{"name":"wp","href":"https:\/\/api.w.org\/{rel}","templated":true}]}}