{"id":13286,"date":"2025-07-15T10:10:37","date_gmt":"2025-07-15T08:10:37","guid":{"rendered":"https:\/\/clinter.es\/interpretation-assermentee\/"},"modified":"2025-07-30T03:34:48","modified_gmt":"2025-07-30T01:34:48","slug":"interpretation-assermentee","status":"publish","type":"page","link":"https:\/\/clinter.es\/fr\/interpretation-assermentee\/","title":{"rendered":"Interpr\u00e9tation asserment\u00e9e"},"content":{"rendered":"\t\t<div data-elementor-type=\"wp-page\" data-elementor-id=\"13286\" class=\"elementor elementor-13286 elementor-12772\" data-elementor-post-type=\"page\">\n\t\t\t\t<div data-particle_enable=\"false\" data-particle-mobile-disabled=\"false\" data-dce-background-image-url=\"https:\/\/clinter.es\/wp-content\/uploads\/2025\/07\/Hero-10.png\" class=\"elementor-element elementor-element-6d60915 e-flex e-con-boxed e-con e-parent\" data-id=\"6d60915\" data-element_type=\"container\" data-e-type=\"container\" data-settings=\"{&quot;background_background&quot;:&quot;classic&quot;}\">\n\t\t\t\t\t<div class=\"e-con-inner\">\n\t\t<div data-particle_enable=\"false\" data-particle-mobile-disabled=\"false\" class=\"elementor-element elementor-element-a21674b e-con-full e-flex e-con e-child\" data-id=\"a21674b\" data-element_type=\"container\" data-e-type=\"container\">\n\t\t\t\t<div class=\"elementor-element elementor-element-b8f836e elementor-widget elementor-widget-heading\" data-id=\"b8f836e\" data-element_type=\"widget\" data-e-type=\"widget\" data-widget_type=\"heading.default\">\n\t\t\t\t<div class=\"elementor-widget-container\">\n\t\t\t\t\t<h1 class=\"elementor-heading-title elementor-size-default\">Interpr\u00e9tation asserment\u00e9e<\/h1>\t\t\t\t<\/div>\n\t\t\t\t<\/div>\n\t\t\t\t<\/div>\n\t\t<div data-particle_enable=\"false\" data-particle-mobile-disabled=\"false\" class=\"elementor-element elementor-element-48379ca e-con-full e-flex e-con e-child\" data-id=\"48379ca\" data-element_type=\"container\" data-e-type=\"container\">\n\t\t\t\t<div class=\"elementor-element elementor-element-5023c94 elementor-widget elementor-widget-text-editor\" data-id=\"5023c94\" data-element_type=\"widget\" data-e-type=\"widget\" data-widget_type=\"text-editor.default\">\n\t\t\t\t<div class=\"elementor-widget-container\">\n\t\t\t\t\t\t\t\t\t<p>L\u2019interpr\u00e9tation asserment\u00e9e consiste en une <strong>traduction officielle r\u00e9alis\u00e9e par un traducteur et un interpr\u00e8te asserment\u00e9s autoris\u00e9s par le minist\u00e8re espagnol des affaires \u00e9trang\u00e8res.<\/strong> L\u2019interpr\u00e8te asserment\u00e9 garantit ainsi que le contenu traduit des discours refl\u00e8te le discours original.<\/p><p>L\u2019\u00e9quipe de Clinter est compos\u00e9e\u00a0<strong>d\u2019interpr\u00e8tes professionnels asserment\u00e9s\u00a0<\/strong>ayant une grande\u00a0<strong>exp\u00e9rience<\/strong>\u00a0de l\u2019interpr\u00e9tation pour les instances judiciaires et une\u00a0<strong>formation sp\u00e9cifique dans le domaine juridique<\/strong>\u00a0afin de garantir une qualit\u00e9 maximale.<\/p>\t\t\t\t\t\t\t\t<\/div>\n\t\t\t\t<\/div>\n\t\t\t\t<div class=\"elementor-element elementor-element-57af169 elementor-mobile-align-left elementor-widget__width-initial elementor-widget elementor-widget-button\" data-id=\"57af169\" data-element_type=\"widget\" data-e-type=\"widget\" data-widget_type=\"button.default\">\n\t\t\t\t<div class=\"elementor-widget-container\">\n\t\t\t\t\t\t\t\t\t<div class=\"elementor-button-wrapper\">\n\t\t\t\t\t<a class=\"elementor-button elementor-button-link elementor-size-sm\" href=\"#form\">\n\t\t\t\t\t\t<span class=\"elementor-button-content-wrapper\">\n\t\t\t\t\t\t<span class=\"elementor-button-icon\">\n\t\t\t\t<svg aria-hidden=\"true\" class=\"e-font-icon-svg e-fas-arrow-right\" viewBox=\"0 0 448 512\" xmlns=\"http:\/\/www.w3.org\/2000\/svg\"><path d=\"M190.5 66.9l22.2-22.2c9.4-9.4 24.6-9.4 33.9 0L441 239c9.4 9.4 9.4 24.6 0 33.9L246.6 467.3c-9.4 9.4-24.6 9.4-33.9 0l-22.2-22.2c-9.5-9.5-9.3-25 .4-34.3L311.4 296H24c-13.3 0-24-10.7-24-24v-32c0-13.3 10.7-24 24-24h287.4L190.9 101.2c-9.8-9.3-10-24.8-.4-34.3z\"><\/path><\/svg>\t\t\t<\/span>\n\t\t\t\t\t\t\t\t\t<span class=\"elementor-button-text\">Demandez un devis maintenant<\/span>\n\t\t\t\t\t<\/span>\n\t\t\t\t\t<\/a>\n\t\t\t\t<\/div>\n\t\t\t\t\t\t\t\t<\/div>\n\t\t\t\t<\/div>\n\t\t\t\t<\/div>\n\t\t\t\t\t<\/div>\n\t\t\t\t<\/div>\n\t\t<div data-particle_enable=\"false\" data-particle-mobile-disabled=\"false\" class=\"elementor-element elementor-element-b5c1e1c e-flex e-con-boxed e-con e-parent\" data-id=\"b5c1e1c\" data-element_type=\"container\" data-e-type=\"container\" data-settings=\"{&quot;background_background&quot;:&quot;classic&quot;}\">\n\t\t\t\t\t<div class=\"e-con-inner\">\n\t\t<div data-particle_enable=\"false\" data-particle-mobile-disabled=\"false\" class=\"elementor-element elementor-element-eae3d39 e-con-full e-flex e-con e-child\" data-id=\"eae3d39\" data-element_type=\"container\" data-e-type=\"container\" data-settings=\"{&quot;background_background&quot;:&quot;classic&quot;}\">\n\t\t\t\t<div class=\"elementor-element elementor-element-28d6d8e elementor-widget elementor-widget-heading\" data-id=\"28d6d8e\" data-element_type=\"widget\" data-e-type=\"widget\" data-widget_type=\"heading.default\">\n\t\t\t\t<div class=\"elementor-widget-container\">\n\t\t\t\t\t<h2 class=\"elementor-heading-title elementor-size-default\">Les services\u00a0d\u2019interpr\u00e9tation asserment\u00e9e les plus demand\u00e9s sont\u00a0les suivants :<\/h2>\t\t\t\t<\/div>\n\t\t\t\t<\/div>\n\t\t\t\t<div class=\"elementor-element elementor-element-9ae628b elementor-icon-list--layout-traditional elementor-list-item-link-full_width elementor-widget elementor-widget-icon-list\" data-id=\"9ae628b\" data-element_type=\"widget\" data-e-type=\"widget\" data-widget_type=\"icon-list.default\">\n\t\t\t\t<div class=\"elementor-widget-container\">\n\t\t\t\t\t\t\t<ul class=\"elementor-icon-list-items\">\n\t\t\t\t\t\t\t<li class=\"elementor-icon-list-item\">\n\t\t\t\t\t\t\t\t\t\t\t<span class=\"elementor-icon-list-icon\">\n\t\t\t\t\t\t\t<svg aria-hidden=\"true\" class=\"e-font-icon-svg e-fas-arrow-right\" viewBox=\"0 0 448 512\" xmlns=\"http:\/\/www.w3.org\/2000\/svg\"><path d=\"M190.5 66.9l22.2-22.2c9.4-9.4 24.6-9.4 33.9 0L441 239c9.4 9.4 9.4 24.6 0 33.9L246.6 467.3c-9.4 9.4-24.6 9.4-33.9 0l-22.2-22.2c-9.5-9.5-9.3-25 .4-34.3L311.4 296H24c-13.3 0-24-10.7-24-24v-32c0-13.3 10.7-24 24-24h287.4L190.9 101.2c-9.8-9.3-10-24.8-.4-34.3z\"><\/path><\/svg>\t\t\t\t\t\t<\/span>\n\t\t\t\t\t\t\t\t\t\t<span class=\"elementor-icon-list-text\">Interpr\u00e9tation \u00e0 l\u2019\u00e9tat civil<\/span>\n\t\t\t\t\t\t\t\t\t<\/li>\n\t\t\t\t\t\t<\/ul>\n\t\t\t\t\t\t<\/div>\n\t\t\t\t<\/div>\n\t\t\t\t<div class=\"elementor-element elementor-element-7e91339 elementor-icon-list--layout-traditional elementor-list-item-link-full_width elementor-widget elementor-widget-icon-list\" data-id=\"7e91339\" data-element_type=\"widget\" data-e-type=\"widget\" data-widget_type=\"icon-list.default\">\n\t\t\t\t<div class=\"elementor-widget-container\">\n\t\t\t\t\t\t\t<ul class=\"elementor-icon-list-items\">\n\t\t\t\t\t\t\t<li class=\"elementor-icon-list-item\">\n\t\t\t\t\t\t\t\t\t\t\t<span class=\"elementor-icon-list-icon\">\n\t\t\t\t\t\t\t<svg aria-hidden=\"true\" class=\"e-font-icon-svg e-fas-arrow-right\" viewBox=\"0 0 448 512\" xmlns=\"http:\/\/www.w3.org\/2000\/svg\"><path d=\"M190.5 66.9l22.2-22.2c9.4-9.4 24.6-9.4 33.9 0L441 239c9.4 9.4 9.4 24.6 0 33.9L246.6 467.3c-9.4 9.4-24.6 9.4-33.9 0l-22.2-22.2c-9.5-9.5-9.3-25 .4-34.3L311.4 296H24c-13.3 0-24-10.7-24-24v-32c0-13.3 10.7-24 24-24h287.4L190.9 101.2c-9.8-9.3-10-24.8-.4-34.3z\"><\/path><\/svg>\t\t\t\t\t\t<\/span>\n\t\t\t\t\t\t\t\t\t\t<span class=\"elementor-icon-list-text\">Interpr\u00e9tation asserment\u00e9e dans les \u00e9tudes de notaires<\/span>\n\t\t\t\t\t\t\t\t\t<\/li>\n\t\t\t\t\t\t<\/ul>\n\t\t\t\t\t\t<\/div>\n\t\t\t\t<\/div>\n\t\t\t\t<div class=\"elementor-element elementor-element-d2f0946 elementor-icon-list--layout-traditional elementor-list-item-link-full_width elementor-widget elementor-widget-icon-list\" data-id=\"d2f0946\" data-element_type=\"widget\" data-e-type=\"widget\" data-widget_type=\"icon-list.default\">\n\t\t\t\t<div class=\"elementor-widget-container\">\n\t\t\t\t\t\t\t<ul class=\"elementor-icon-list-items\">\n\t\t\t\t\t\t\t<li class=\"elementor-icon-list-item\">\n\t\t\t\t\t\t\t\t\t\t\t<span class=\"elementor-icon-list-icon\">\n\t\t\t\t\t\t\t<svg aria-hidden=\"true\" class=\"e-font-icon-svg e-fas-arrow-right\" viewBox=\"0 0 448 512\" xmlns=\"http:\/\/www.w3.org\/2000\/svg\"><path d=\"M190.5 66.9l22.2-22.2c9.4-9.4 24.6-9.4 33.9 0L441 239c9.4 9.4 9.4 24.6 0 33.9L246.6 467.3c-9.4 9.4-24.6 9.4-33.9 0l-22.2-22.2c-9.5-9.5-9.3-25 .4-34.3L311.4 296H24c-13.3 0-24-10.7-24-24v-32c0-13.3 10.7-24 24-24h287.4L190.9 101.2c-9.8-9.3-10-24.8-.4-34.3z\"><\/path><\/svg>\t\t\t\t\t\t<\/span>\n\t\t\t\t\t\t\t\t\t\t<span class=\"elementor-icon-list-text\">Interpr\u00e9tation de la Cour<\/span>\n\t\t\t\t\t\t\t\t\t<\/li>\n\t\t\t\t\t\t<\/ul>\n\t\t\t\t\t\t<\/div>\n\t\t\t\t<\/div>\n\t\t\t\t<div class=\"elementor-element elementor-element-dfbab8e elementor-icon-list--layout-traditional elementor-list-item-link-full_width elementor-widget elementor-widget-icon-list\" data-id=\"dfbab8e\" data-element_type=\"widget\" data-e-type=\"widget\" data-widget_type=\"icon-list.default\">\n\t\t\t\t<div class=\"elementor-widget-container\">\n\t\t\t\t\t\t\t<ul class=\"elementor-icon-list-items\">\n\t\t\t\t\t\t\t<li class=\"elementor-icon-list-item\">\n\t\t\t\t\t\t\t\t\t\t\t<span class=\"elementor-icon-list-icon\">\n\t\t\t\t\t\t\t<svg aria-hidden=\"true\" class=\"e-font-icon-svg e-fas-arrow-right\" viewBox=\"0 0 448 512\" xmlns=\"http:\/\/www.w3.org\/2000\/svg\"><path d=\"M190.5 66.9l22.2-22.2c9.4-9.4 24.6-9.4 33.9 0L441 239c9.4 9.4 9.4 24.6 0 33.9L246.6 467.3c-9.4 9.4-24.6 9.4-33.9 0l-22.2-22.2c-9.5-9.5-9.3-25 .4-34.3L311.4 296H24c-13.3 0-24-10.7-24-24v-32c0-13.3 10.7-24 24-24h287.4L190.9 101.2c-9.8-9.3-10-24.8-.4-34.3z\"><\/path><\/svg>\t\t\t\t\t\t<\/span>\n\t\t\t\t\t\t\t\t\t\t<span class=\"elementor-icon-list-text\">Interpr\u00e9tation asserment\u00e9e Commissariats de police<\/span>\n\t\t\t\t\t\t\t\t\t<\/li>\n\t\t\t\t\t\t<\/ul>\n\t\t\t\t\t\t<\/div>\n\t\t\t\t<\/div>\n\t\t\t\t<div class=\"elementor-element elementor-element-bc6b4f6 elementor-widget elementor-widget-text-editor\" data-id=\"bc6b4f6\" data-element_type=\"widget\" data-e-type=\"widget\" data-widget_type=\"text-editor.default\">\n\t\t\t\t<div class=\"elementor-widget-container\">\n\t\t\t\t\t\t\t\t\t<p>Nous disposons d\u2019un vaste r\u00e9seau d\u2019interpr\u00e8tes asserment\u00e9s qui assurent une <strong>couverture nationale et internationale maximale \u00e0 des prix tr\u00e8s comp\u00e9titifs.<\/strong><\/p><p>Notre exp\u00e9rience de\u00a0<strong>plus de 150 ans dans le domaine juridique<\/strong>, tant en mati\u00e8re d\u2019interpr\u00e9tation que de traduction asserment\u00e9e, fait de nous une r\u00e9f\u00e9rence dans le secteur. De plus, le fait d\u2019avoir\u00a0<strong>des clients vedettes annuels comme le minist\u00e8re espagnol de la Justice nous conf\u00e8re une valeur diff\u00e9rentielle et un\u00a0savoir-faire\u00a0essentiel\u00a0<\/strong>dans ce type de traductions et d\u2019interpr\u00e9tations techniques.<\/p><p>Nous voulons \u00e9galement r\u00e9pondre aux besoins de notre environnement, en nous adaptant aux exigences de la situation. Ainsi, nous\u00a0<strong>\u00e9tendons notre service aux \u00e9v\u00e9nements multilingues par le biais de plateformes num\u00e9riques telles que Zoom.<\/strong><\/p><p>Vous voulez en savoir plus sur les avantages et la mani\u00e8re dont nous proc\u00e9dons ? Nous vous expliquons\u00a0<span style=\"text-decoration: underline;\">ici<\/span><\/p>\t\t\t\t\t\t\t\t<\/div>\n\t\t\t\t<\/div>\n\t\t\t\t<\/div>\n\t\t<div data-particle_enable=\"false\" data-particle-mobile-disabled=\"false\" data-dce-background-image-url=\"https:\/\/clinter.es\/wp-content\/uploads\/2025\/07\/Frame-1618873155-27.png\" class=\"elementor-element elementor-element-c399134 e-con-full e-flex e-con e-child\" data-id=\"c399134\" data-element_type=\"container\" data-e-type=\"container\" data-settings=\"{&quot;background_background&quot;:&quot;classic&quot;}\">\n\t\t\t\t<\/div>\n\t\t\t\t\t<\/div>\n\t\t\t\t<\/div>\n\t\t\t\t<\/div>\n\t\t","protected":false},"excerpt":{"rendered":"<p>Interpr\u00e9tation asserment\u00e9e L\u2019interpr\u00e9tation asserment\u00e9e consiste en une traduction officielle r\u00e9alis\u00e9e par un traducteur et un interpr\u00e8te asserment\u00e9s autoris\u00e9s par le minist\u00e8re espagnol des affaires \u00e9trang\u00e8res. L\u2019interpr\u00e8te asserment\u00e9 garantit ainsi que le contenu traduit des discours refl\u00e8te le discours original. L\u2019\u00e9quipe de Clinter est compos\u00e9e\u00a0d\u2019interpr\u00e8tes professionnels asserment\u00e9s\u00a0ayant une grande\u00a0exp\u00e9rience\u00a0de l\u2019interpr\u00e9tation pour les instances judiciaires et une\u00a0formation [&hellip;]<\/p>\n","protected":false},"author":8,"featured_media":0,"parent":0,"menu_order":0,"comment_status":"closed","ping_status":"closed","template":"","meta":{"_angie_page":false,"footnotes":""},"class_list":["post-13286","page","type-page","status-publish","hentry"],"yoast_head":"<!-- This site is optimized with the Yoast SEO plugin v27.3 - https:\/\/yoast.com\/product\/yoast-seo-wordpress\/ -->\n<title>Interpr\u00e9tation asserment\u00e9e | CLINTER Traducciones e Interpretaciones<\/title>\n<meta name=\"description\" content=\"Nos interpr\u00e8tes asserment\u00e9s exp\u00e9riment\u00e9s dans le domaine juridique sont agr\u00e9\u00e9s par la MAEC, demandez un devis \u00e0 des prix imbattables !\" \/>\n<meta name=\"robots\" content=\"index, follow, max-snippet:-1, max-image-preview:large, max-video-preview:-1\" \/>\n<link rel=\"canonical\" href=\"https:\/\/clinter.es\/fr\/interpretation-assermentee\/\" \/>\n<meta property=\"og:locale\" content=\"fr_FR\" \/>\n<meta property=\"og:type\" content=\"article\" \/>\n<meta property=\"og:title\" content=\"Interpr\u00e9tation asserment\u00e9e | CLINTER Traducciones e Interpretaciones\" \/>\n<meta property=\"og:description\" content=\"Nos interpr\u00e8tes asserment\u00e9s exp\u00e9riment\u00e9s dans le domaine juridique sont agr\u00e9\u00e9s par la MAEC, demandez un devis \u00e0 des prix imbattables !\" \/>\n<meta property=\"og:url\" content=\"https:\/\/clinter.es\/fr\/interpretation-assermentee\/\" \/>\n<meta property=\"og:site_name\" content=\"Clinter\" \/>\n<meta property=\"article:modified_time\" content=\"2025-07-30T01:34:48+00:00\" \/>\n<meta name=\"twitter:card\" content=\"summary_large_image\" \/>\n<meta name=\"twitter:label1\" content=\"Dur\u00e9e de lecture estim\u00e9e\" \/>\n\t<meta name=\"twitter:data1\" content=\"3 minutes\" \/>\n<script type=\"application\/ld+json\" class=\"yoast-schema-graph\">{\"@context\":\"https:\\\/\\\/schema.org\",\"@graph\":[{\"@type\":\"WebPage\",\"@id\":\"https:\\\/\\\/clinter.es\\\/fr\\\/interpretation-assermentee\\\/\",\"url\":\"https:\\\/\\\/clinter.es\\\/fr\\\/interpretation-assermentee\\\/\",\"name\":\"Interpr\u00e9tation asserment\u00e9e | CLINTER Traducciones e Interpretaciones\",\"isPartOf\":{\"@id\":\"https:\\\/\\\/clinter.es\\\/fr\\\/#website\"},\"datePublished\":\"2025-07-15T08:10:37+00:00\",\"dateModified\":\"2025-07-30T01:34:48+00:00\",\"description\":\"Nos interpr\u00e8tes asserment\u00e9s exp\u00e9riment\u00e9s dans le domaine juridique sont agr\u00e9\u00e9s par la MAEC, demandez un devis \u00e0 des prix imbattables !\",\"breadcrumb\":{\"@id\":\"https:\\\/\\\/clinter.es\\\/fr\\\/interpretation-assermentee\\\/#breadcrumb\"},\"inLanguage\":\"fr-FR\",\"potentialAction\":[{\"@type\":\"ReadAction\",\"target\":[\"https:\\\/\\\/clinter.es\\\/fr\\\/interpretation-assermentee\\\/\"]}]},{\"@type\":\"BreadcrumbList\",\"@id\":\"https:\\\/\\\/clinter.es\\\/fr\\\/interpretation-assermentee\\\/#breadcrumb\",\"itemListElement\":[{\"@type\":\"ListItem\",\"position\":1,\"name\":\"Page d'accueil\",\"item\":\"https:\\\/\\\/clinter.es\\\/fr\\\/\"},{\"@type\":\"ListItem\",\"position\":2,\"name\":\"Interpr\u00e9tation asserment\u00e9e\"}]},{\"@type\":\"WebSite\",\"@id\":\"https:\\\/\\\/clinter.es\\\/fr\\\/#website\",\"url\":\"https:\\\/\\\/clinter.es\\\/fr\\\/\",\"name\":\"Clinter\",\"description\":\"Traducciones e intepretaciones\",\"publisher\":{\"@id\":\"https:\\\/\\\/clinter.es\\\/fr\\\/#organization\"},\"potentialAction\":[{\"@type\":\"SearchAction\",\"target\":{\"@type\":\"EntryPoint\",\"urlTemplate\":\"https:\\\/\\\/clinter.es\\\/fr\\\/?s={search_term_string}\"},\"query-input\":{\"@type\":\"PropertyValueSpecification\",\"valueRequired\":true,\"valueName\":\"search_term_string\"}}],\"inLanguage\":\"fr-FR\"},{\"@type\":\"Organization\",\"@id\":\"https:\\\/\\\/clinter.es\\\/fr\\\/#organization\",\"name\":\"Clinter\",\"url\":\"https:\\\/\\\/clinter.es\\\/fr\\\/\",\"logo\":{\"@type\":\"ImageObject\",\"inLanguage\":\"fr-FR\",\"@id\":\"https:\\\/\\\/clinter.es\\\/fr\\\/#\\\/schema\\\/logo\\\/image\\\/\",\"url\":\"https:\\\/\\\/clinter.es\\\/wp-content\\\/uploads\\\/2025\\\/06\\\/logo-color-clinter.png\",\"contentUrl\":\"https:\\\/\\\/clinter.es\\\/wp-content\\\/uploads\\\/2025\\\/06\\\/logo-color-clinter.png\",\"width\":300,\"height\":102,\"caption\":\"Clinter\"},\"image\":{\"@id\":\"https:\\\/\\\/clinter.es\\\/fr\\\/#\\\/schema\\\/logo\\\/image\\\/\"}}]}<\/script>\n<!-- \/ Yoast SEO plugin. -->","yoast_head_json":{"title":"Interpr\u00e9tation asserment\u00e9e | CLINTER Traducciones e Interpretaciones","description":"Nos interpr\u00e8tes asserment\u00e9s exp\u00e9riment\u00e9s dans le domaine juridique sont agr\u00e9\u00e9s par la MAEC, demandez un devis \u00e0 des prix imbattables !","robots":{"index":"index","follow":"follow","max-snippet":"max-snippet:-1","max-image-preview":"max-image-preview:large","max-video-preview":"max-video-preview:-1"},"canonical":"https:\/\/clinter.es\/fr\/interpretation-assermentee\/","og_locale":"fr_FR","og_type":"article","og_title":"Interpr\u00e9tation asserment\u00e9e | CLINTER Traducciones e Interpretaciones","og_description":"Nos interpr\u00e8tes asserment\u00e9s exp\u00e9riment\u00e9s dans le domaine juridique sont agr\u00e9\u00e9s par la MAEC, demandez un devis \u00e0 des prix imbattables !","og_url":"https:\/\/clinter.es\/fr\/interpretation-assermentee\/","og_site_name":"Clinter","article_modified_time":"2025-07-30T01:34:48+00:00","twitter_card":"summary_large_image","twitter_misc":{"Dur\u00e9e de lecture estim\u00e9e":"3 minutes"},"schema":{"@context":"https:\/\/schema.org","@graph":[{"@type":"WebPage","@id":"https:\/\/clinter.es\/fr\/interpretation-assermentee\/","url":"https:\/\/clinter.es\/fr\/interpretation-assermentee\/","name":"Interpr\u00e9tation asserment\u00e9e | CLINTER Traducciones e Interpretaciones","isPartOf":{"@id":"https:\/\/clinter.es\/fr\/#website"},"datePublished":"2025-07-15T08:10:37+00:00","dateModified":"2025-07-30T01:34:48+00:00","description":"Nos interpr\u00e8tes asserment\u00e9s exp\u00e9riment\u00e9s dans le domaine juridique sont agr\u00e9\u00e9s par la MAEC, demandez un devis \u00e0 des prix imbattables !","breadcrumb":{"@id":"https:\/\/clinter.es\/fr\/interpretation-assermentee\/#breadcrumb"},"inLanguage":"fr-FR","potentialAction":[{"@type":"ReadAction","target":["https:\/\/clinter.es\/fr\/interpretation-assermentee\/"]}]},{"@type":"BreadcrumbList","@id":"https:\/\/clinter.es\/fr\/interpretation-assermentee\/#breadcrumb","itemListElement":[{"@type":"ListItem","position":1,"name":"Page d'accueil","item":"https:\/\/clinter.es\/fr\/"},{"@type":"ListItem","position":2,"name":"Interpr\u00e9tation asserment\u00e9e"}]},{"@type":"WebSite","@id":"https:\/\/clinter.es\/fr\/#website","url":"https:\/\/clinter.es\/fr\/","name":"Clinter","description":"Traducciones e intepretaciones","publisher":{"@id":"https:\/\/clinter.es\/fr\/#organization"},"potentialAction":[{"@type":"SearchAction","target":{"@type":"EntryPoint","urlTemplate":"https:\/\/clinter.es\/fr\/?s={search_term_string}"},"query-input":{"@type":"PropertyValueSpecification","valueRequired":true,"valueName":"search_term_string"}}],"inLanguage":"fr-FR"},{"@type":"Organization","@id":"https:\/\/clinter.es\/fr\/#organization","name":"Clinter","url":"https:\/\/clinter.es\/fr\/","logo":{"@type":"ImageObject","inLanguage":"fr-FR","@id":"https:\/\/clinter.es\/fr\/#\/schema\/logo\/image\/","url":"https:\/\/clinter.es\/wp-content\/uploads\/2025\/06\/logo-color-clinter.png","contentUrl":"https:\/\/clinter.es\/wp-content\/uploads\/2025\/06\/logo-color-clinter.png","width":300,"height":102,"caption":"Clinter"},"image":{"@id":"https:\/\/clinter.es\/fr\/#\/schema\/logo\/image\/"}}]}},"_links":{"self":[{"href":"https:\/\/clinter.es\/fr\/wp-json\/wp\/v2\/pages\/13286","targetHints":{"allow":["GET"]}}],"collection":[{"href":"https:\/\/clinter.es\/fr\/wp-json\/wp\/v2\/pages"}],"about":[{"href":"https:\/\/clinter.es\/fr\/wp-json\/wp\/v2\/types\/page"}],"author":[{"embeddable":true,"href":"https:\/\/clinter.es\/fr\/wp-json\/wp\/v2\/users\/8"}],"replies":[{"embeddable":true,"href":"https:\/\/clinter.es\/fr\/wp-json\/wp\/v2\/comments?post=13286"}],"version-history":[{"count":6,"href":"https:\/\/clinter.es\/fr\/wp-json\/wp\/v2\/pages\/13286\/revisions"}],"predecessor-version":[{"id":14700,"href":"https:\/\/clinter.es\/fr\/wp-json\/wp\/v2\/pages\/13286\/revisions\/14700"}],"wp:attachment":[{"href":"https:\/\/clinter.es\/fr\/wp-json\/wp\/v2\/media?parent=13286"}],"curies":[{"name":"wp","href":"https:\/\/api.w.org\/{rel}","templated":true}]}}