{"id":1358,"date":"2025-06-16T10:08:50","date_gmt":"2025-06-16T08:08:50","guid":{"rendered":"https:\/\/clinter.es\/accessibilite\/"},"modified":"2025-07-02T12:32:25","modified_gmt":"2025-07-02T10:32:25","slug":"accessibilite","status":"publish","type":"page","link":"https:\/\/clinter.es\/fr\/accessibilite\/","title":{"rendered":"Accessibilit\u00e9"},"content":{"rendered":"\t\t<div data-elementor-type=\"wp-page\" data-elementor-id=\"1358\" class=\"elementor elementor-1358 elementor-295\" data-elementor-post-type=\"page\">\n\t\t\t\t<div data-dce-background-overlay-image-url=\"https:\/\/clinter.es\/wp-content\/uploads\/2025\/06\/fondo2-scaled-1.jpg\" class=\"elementor-element elementor-element-5401a2d e-flex e-con-boxed e-con e-parent\" data-id=\"5401a2d\" data-element_type=\"container\" data-e-type=\"container\" data-settings=\"{&quot;background_background&quot;:&quot;classic&quot;}\">\n\t\t\t\t\t<div class=\"e-con-inner\">\n\t\t\t\t<div class=\"elementor-element elementor-element-0606c80 elementor-widget__width-inherit elementor-widget-mobile__width-inherit elementor-widget-tablet__width-inherit elementor-widget elementor-widget-heading\" data-id=\"0606c80\" data-element_type=\"widget\" data-e-type=\"widget\" data-widget_type=\"heading.default\">\n\t\t\t\t<div class=\"elementor-widget-container\">\n\t\t\t\t\t<p class=\"elementor-heading-title elementor-size-default\">Accessibilit\u00e9<\/p>\t\t\t\t<\/div>\n\t\t\t\t<\/div>\n\t\t\t\t<div class=\"elementor-element elementor-element-f199cf4 elementor-widget elementor-widget-breadcrumbs\" data-id=\"f199cf4\" data-element_type=\"widget\" data-e-type=\"widget\" data-widget_type=\"breadcrumbs.default\">\n\t\t\t\t<div class=\"elementor-widget-container\">\n\t\t\t\t\t<p id=\"breadcrumbs\"><span><span><a href=\"https:\/\/clinter.es\/fr\/\">Page d'accueil<\/a><\/span><\/span><\/p>\t\t\t\t<\/div>\n\t\t\t\t<\/div>\n\t\t\t\t<div class=\"elementor-element elementor-element-19c51fd elementor-widget-divider--view-line elementor-widget elementor-widget-divider\" data-id=\"19c51fd\" data-element_type=\"widget\" data-e-type=\"widget\" data-widget_type=\"divider.default\">\n\t\t\t\t<div class=\"elementor-widget-container\">\n\t\t\t\t\t\t\t<div class=\"elementor-divider\">\n\t\t\t<span class=\"elementor-divider-separator\">\n\t\t\t\t\t\t<\/span>\n\t\t<\/div>\n\t\t\t\t\t\t<\/div>\n\t\t\t\t<\/div>\n\t\t<div class=\"elementor-element elementor-element-c4d7045 e-con-full e-flex e-con e-child\" data-id=\"c4d7045\" data-element_type=\"container\" data-e-type=\"container\">\n\t\t\t\t<div class=\"elementor-element elementor-element-8a2cd47 elementor-widget elementor-widget-text-editor\" data-id=\"8a2cd47\" data-element_type=\"widget\" data-e-type=\"widget\" data-widget_type=\"text-editor.default\">\n\t\t\t\t<div class=\"elementor-widget-container\">\n\t\t\t\t\t\t\t\t\t<p><strong>CLINTER TRADUCCIONES E INTERPRETACIONES, S.A.<\/strong> s&rsquo;engage \u00e0 rendre son site Web accessible conform\u00e9ment au d\u00e9cret royal 1112\/2018, du 7 septembre, relatif \u00e0 l&rsquo;accessibilit\u00e9 des sites Web et des applications du secteur public pour les appareils mobiles, ou aux d\u00e9veloppements financ\u00e9s par l&rsquo;Europe. <\/p><p>La pr\u00e9sente d\u00e9claration d&rsquo;accessibilit\u00e9 s&rsquo;applique au site web <strong>CLINTER.ES<\/strong>, \u00e0 l&rsquo;exclusion du contenu int\u00e9gr\u00e9 provenant d&rsquo;autres domaines. <\/p><p><strong>SITUATION DE NON-CONFORMIT\u00c9 <\/strong><\/p><p>Ce site web est partiellement conforme au RD 1112\/2018 en raison de la non-conformit\u00e9 des aspects suivants. <\/p><p><strong>LA PR\u00c9PARATION DE LA D\u00c9CLARATION D&rsquo;ACCESSIBILIT\u00c9 SUIVANTE <\/strong><\/p><p>Cette d\u00e9claration a \u00e9t\u00e9 pr\u00e9par\u00e9e le 16 juin 2025. <\/p><p>La m\u00e9thode utilis\u00e9e pour pr\u00e9parer la d\u00e9claration a \u00e9t\u00e9 une auto-\u00e9valuation r\u00e9alis\u00e9e par l&rsquo;\u00e9cole elle-m\u00eame. <\/p><p><strong>CONTENU NON ACCESSIBLE <\/strong><\/p><p>Le contenu ci-dessous n&rsquo;est pas accessible pour les raisons suivantes : <\/p><p><span style=\"text-decoration: underline;\">Non-conformit\u00e9:<\/span><\/p><ul><li>Il se peut que certains aspects du contraste ne respectent pas le minimum requis de 3:1 par rapport aux couleurs adjacentes de l&rsquo;arri\u00e8re-plan de la section du site web en question. 9.1.4.11<\/li><li>Il peut y avoir des alternatives textuelles qui ne sont pas correctes &#8211; Num\u00e9ro d&rsquo;exigence 9.1.1.1.1 Contenu non textuel de la UNE-EN 301549:2022<\/li><li>Il peut y avoir des liens dont la fonction ou le but ne sont pas correctement d\u00e9finis &#8211; Exigence num\u00e9ro 9.2.4.4.4 But des liens de la UNE-EN 301549:2022<\/li><li>Certaines pages web peuvent contenir des erreurs d&rsquo;\u00e9dition occasionnelles.<\/li><li>Charge disproportionn\u00e9e : sans objet.<\/li><li>Le contenu n&rsquo;entre pas dans le champ d&rsquo;application de la l\u00e9gislation applicable. <\/li><\/ul><p>Il se peut que des fichiers bureautiques au format PDF ou dans d&rsquo;autres formats publi\u00e9s avant le 20 septembre 2018 ne soient pas enti\u00e8rement conformes \u00e0 toutes les exigences en mati\u00e8re d&rsquo;accessibilit\u00e9. <\/p><p>Si vous souhaitez signaler un probl\u00e8me d&rsquo;accessibilit\u00e9, vous pouvez le faire en utilisant notre formulaire sur la page <a href=\"https:\/\/clinter.es\/fr\/contact\/\">Contact<\/a>. <a href=\"https:\/\/clinter.es\/fr\/\">ACCUEIL<\/a><\/p>\t\t\t\t\t\t\t\t<\/div>\n\t\t\t\t<\/div>\n\t\t\t\t<\/div>\n\t\t\t\t\t<\/div>\n\t\t\t\t<\/div>\n\t\t\t\t<\/div>\n\t\t","protected":false},"excerpt":{"rendered":"<p>CLINTER TRADUCCIONES E INTERPRETACIONES, S.A. s&rsquo;engage \u00e0 rendre son site Web accessible conform\u00e9ment au d\u00e9cret royal 1112\/2018, du 7 septembre, relatif \u00e0 l&rsquo;accessibilit\u00e9 des sites Web et des applications du secteur public pour les appareils mobiles, ou aux d\u00e9veloppements financ\u00e9s par l&rsquo;Europe. La pr\u00e9sente d\u00e9claration d&rsquo;accessibilit\u00e9 s&rsquo;applique au site web CLINTER.ES, \u00e0 l&rsquo;exclusion du contenu [&hellip;]<\/p>\n","protected":false},"author":8,"featured_media":0,"parent":0,"menu_order":0,"comment_status":"closed","ping_status":"closed","template":"","meta":{"footnotes":""},"class_list":["post-1358","page","type-page","status-publish","hentry"],"yoast_head":"<!-- This site is optimized with the Yoast SEO plugin v27.2 - https:\/\/yoast.com\/product\/yoast-seo-wordpress\/ -->\n<title>Accessibilit\u00e9 - Clinter<\/title>\n<meta name=\"robots\" content=\"noindex, follow\" \/>\n<meta property=\"og:locale\" content=\"fr_FR\" \/>\n<meta property=\"og:type\" content=\"article\" \/>\n<meta property=\"og:title\" content=\"Accessibilit\u00e9 - Clinter\" \/>\n<meta property=\"og:description\" content=\"CLINTER TRADUCCIONES E INTERPRETACIONES, S.A. s&rsquo;engage \u00e0 rendre son site Web accessible conform\u00e9ment au d\u00e9cret royal 1112\/2018, du 7 septembre, relatif \u00e0 l&rsquo;accessibilit\u00e9 des sites Web et des applications du secteur public pour les appareils mobiles, ou aux d\u00e9veloppements financ\u00e9s par l&rsquo;Europe. La pr\u00e9sente d\u00e9claration d&rsquo;accessibilit\u00e9 s&rsquo;applique au site web CLINTER.ES, \u00e0 l&rsquo;exclusion du contenu [&hellip;]\" \/>\n<meta property=\"og:url\" content=\"https:\/\/clinter.es\/fr\/accessibilite\/\" \/>\n<meta property=\"og:site_name\" content=\"Clinter\" \/>\n<meta property=\"article:modified_time\" content=\"2025-07-02T10:32:25+00:00\" \/>\n<meta name=\"twitter:card\" content=\"summary_large_image\" \/>\n<meta name=\"twitter:label1\" content=\"Dur\u00e9e de lecture estim\u00e9e\" \/>\n\t<meta name=\"twitter:data1\" content=\"2 minutes\" \/>\n<script type=\"application\/ld+json\" class=\"yoast-schema-graph\">{\"@context\":\"https:\/\/schema.org\",\"@graph\":[{\"@type\":\"WebPage\",\"@id\":\"https:\/\/clinter.es\/fr\/accessibilite\/\",\"url\":\"https:\/\/clinter.es\/fr\/accessibilite\/\",\"name\":\"Accessibilit\u00e9 - Clinter\",\"isPartOf\":{\"@id\":\"https:\/\/clinter.es\/fr\/#website\"},\"datePublished\":\"2025-06-16T08:08:50+00:00\",\"dateModified\":\"2025-07-02T10:32:25+00:00\",\"breadcrumb\":{\"@id\":\"https:\/\/clinter.es\/fr\/accessibilite\/#breadcrumb\"},\"inLanguage\":\"fr-FR\",\"potentialAction\":[{\"@type\":\"ReadAction\",\"target\":[\"https:\/\/clinter.es\/fr\/accessibilite\/\"]}]},{\"@type\":\"BreadcrumbList\",\"@id\":\"https:\/\/clinter.es\/fr\/accessibilite\/#breadcrumb\",\"itemListElement\":[{\"@type\":\"ListItem\",\"position\":1,\"name\":\"Page d'accueil\",\"item\":\"https:\/\/clinter.es\/fr\/\"},{\"@type\":\"ListItem\",\"position\":2,\"name\":\"Accessibilit\u00e9\"}]},{\"@type\":\"WebSite\",\"@id\":\"https:\/\/clinter.es\/fr\/#website\",\"url\":\"https:\/\/clinter.es\/fr\/\",\"name\":\"Clinter\",\"description\":\"Traducciones e intepretaciones\",\"publisher\":{\"@id\":\"https:\/\/clinter.es\/fr\/#organization\"},\"potentialAction\":[{\"@type\":\"SearchAction\",\"target\":{\"@type\":\"EntryPoint\",\"urlTemplate\":\"https:\/\/clinter.es\/fr\/?s={search_term_string}\"},\"query-input\":{\"@type\":\"PropertyValueSpecification\",\"valueRequired\":true,\"valueName\":\"search_term_string\"}}],\"inLanguage\":\"fr-FR\"},{\"@type\":\"Organization\",\"@id\":\"https:\/\/clinter.es\/fr\/#organization\",\"name\":\"Clinter\",\"url\":\"https:\/\/clinter.es\/fr\/\",\"logo\":{\"@type\":\"ImageObject\",\"inLanguage\":\"fr-FR\",\"@id\":\"https:\/\/clinter.es\/fr\/#\/schema\/logo\/image\/\",\"url\":\"https:\/\/clinter.es\/wp-content\/uploads\/2025\/06\/logo-color-clinter.png\",\"contentUrl\":\"https:\/\/clinter.es\/wp-content\/uploads\/2025\/06\/logo-color-clinter.png\",\"width\":300,\"height\":102,\"caption\":\"Clinter\"},\"image\":{\"@id\":\"https:\/\/clinter.es\/fr\/#\/schema\/logo\/image\/\"}}]}<\/script>\n<!-- \/ Yoast SEO plugin. -->","yoast_head_json":{"title":"Accessibilit\u00e9 - Clinter","robots":{"index":"noindex","follow":"follow"},"og_locale":"fr_FR","og_type":"article","og_title":"Accessibilit\u00e9 - Clinter","og_description":"CLINTER TRADUCCIONES E INTERPRETACIONES, S.A. s&rsquo;engage \u00e0 rendre son site Web accessible conform\u00e9ment au d\u00e9cret royal 1112\/2018, du 7 septembre, relatif \u00e0 l&rsquo;accessibilit\u00e9 des sites Web et des applications du secteur public pour les appareils mobiles, ou aux d\u00e9veloppements financ\u00e9s par l&rsquo;Europe. La pr\u00e9sente d\u00e9claration d&rsquo;accessibilit\u00e9 s&rsquo;applique au site web CLINTER.ES, \u00e0 l&rsquo;exclusion du contenu [&hellip;]","og_url":"https:\/\/clinter.es\/fr\/accessibilite\/","og_site_name":"Clinter","article_modified_time":"2025-07-02T10:32:25+00:00","twitter_card":"summary_large_image","twitter_misc":{"Dur\u00e9e de lecture estim\u00e9e":"2 minutes"},"schema":{"@context":"https:\/\/schema.org","@graph":[{"@type":"WebPage","@id":"https:\/\/clinter.es\/fr\/accessibilite\/","url":"https:\/\/clinter.es\/fr\/accessibilite\/","name":"Accessibilit\u00e9 - Clinter","isPartOf":{"@id":"https:\/\/clinter.es\/fr\/#website"},"datePublished":"2025-06-16T08:08:50+00:00","dateModified":"2025-07-02T10:32:25+00:00","breadcrumb":{"@id":"https:\/\/clinter.es\/fr\/accessibilite\/#breadcrumb"},"inLanguage":"fr-FR","potentialAction":[{"@type":"ReadAction","target":["https:\/\/clinter.es\/fr\/accessibilite\/"]}]},{"@type":"BreadcrumbList","@id":"https:\/\/clinter.es\/fr\/accessibilite\/#breadcrumb","itemListElement":[{"@type":"ListItem","position":1,"name":"Page d'accueil","item":"https:\/\/clinter.es\/fr\/"},{"@type":"ListItem","position":2,"name":"Accessibilit\u00e9"}]},{"@type":"WebSite","@id":"https:\/\/clinter.es\/fr\/#website","url":"https:\/\/clinter.es\/fr\/","name":"Clinter","description":"Traducciones e intepretaciones","publisher":{"@id":"https:\/\/clinter.es\/fr\/#organization"},"potentialAction":[{"@type":"SearchAction","target":{"@type":"EntryPoint","urlTemplate":"https:\/\/clinter.es\/fr\/?s={search_term_string}"},"query-input":{"@type":"PropertyValueSpecification","valueRequired":true,"valueName":"search_term_string"}}],"inLanguage":"fr-FR"},{"@type":"Organization","@id":"https:\/\/clinter.es\/fr\/#organization","name":"Clinter","url":"https:\/\/clinter.es\/fr\/","logo":{"@type":"ImageObject","inLanguage":"fr-FR","@id":"https:\/\/clinter.es\/fr\/#\/schema\/logo\/image\/","url":"https:\/\/clinter.es\/wp-content\/uploads\/2025\/06\/logo-color-clinter.png","contentUrl":"https:\/\/clinter.es\/wp-content\/uploads\/2025\/06\/logo-color-clinter.png","width":300,"height":102,"caption":"Clinter"},"image":{"@id":"https:\/\/clinter.es\/fr\/#\/schema\/logo\/image\/"}}]}},"_links":{"self":[{"href":"https:\/\/clinter.es\/fr\/wp-json\/wp\/v2\/pages\/1358","targetHints":{"allow":["GET"]}}],"collection":[{"href":"https:\/\/clinter.es\/fr\/wp-json\/wp\/v2\/pages"}],"about":[{"href":"https:\/\/clinter.es\/fr\/wp-json\/wp\/v2\/types\/page"}],"author":[{"embeddable":true,"href":"https:\/\/clinter.es\/fr\/wp-json\/wp\/v2\/users\/8"}],"replies":[{"embeddable":true,"href":"https:\/\/clinter.es\/fr\/wp-json\/wp\/v2\/comments?post=1358"}],"version-history":[{"count":0,"href":"https:\/\/clinter.es\/fr\/wp-json\/wp\/v2\/pages\/1358\/revisions"}],"wp:attachment":[{"href":"https:\/\/clinter.es\/fr\/wp-json\/wp\/v2\/media?parent=1358"}],"curies":[{"name":"wp","href":"https:\/\/api.w.org\/{rel}","templated":true}]}}