{"id":1370,"date":"2025-06-13T12:59:05","date_gmt":"2025-06-13T10:59:05","guid":{"rendered":"https:\/\/clinter.es\/avis-legal-et-politique-de-confidentialite\/"},"modified":"2026-01-26T18:57:28","modified_gmt":"2026-01-26T17:57:28","slug":"avis-legal-et-politique-de-confidentialite","status":"publish","type":"page","link":"https:\/\/clinter.es\/fr\/avis-legal-et-politique-de-confidentialite\/","title":{"rendered":"Avis l\u00e9gal et politique de confidentialit\u00e9"},"content":{"rendered":"\t\t<div data-elementor-type=\"wp-page\" data-elementor-id=\"1370\" class=\"elementor elementor-1370 elementor-230\" data-elementor-post-type=\"page\">\n\t\t\t\t<div data-dce-background-overlay-image-url=\"https:\/\/clinter.es\/wp-content\/uploads\/2025\/06\/fondo2-scaled-1.jpg\" class=\"elementor-element elementor-element-b8c103c e-flex e-con-boxed e-con e-parent\" data-id=\"b8c103c\" data-element_type=\"container\" data-e-type=\"container\" data-settings=\"{&quot;background_background&quot;:&quot;classic&quot;}\">\n\t\t\t\t\t<div class=\"e-con-inner\">\n\t\t\t\t<div class=\"elementor-element elementor-element-000a27d elementor-widget__width-inherit elementor-widget-mobile__width-inherit elementor-widget-tablet__width-inherit elementor-widget elementor-widget-heading\" data-id=\"000a27d\" data-element_type=\"widget\" data-e-type=\"widget\" data-widget_type=\"heading.default\">\n\t\t\t\t<div class=\"elementor-widget-container\">\n\t\t\t\t\t<p class=\"elementor-heading-title elementor-size-default\">Avis l\u00e9gal et politique de confidentialit\u00e9<\/p>\t\t\t\t<\/div>\n\t\t\t\t<\/div>\n\t\t\t\t<div class=\"elementor-element elementor-element-198001a elementor-widget elementor-widget-breadcrumbs\" data-id=\"198001a\" data-element_type=\"widget\" data-e-type=\"widget\" data-widget_type=\"breadcrumbs.default\">\n\t\t\t\t<div class=\"elementor-widget-container\">\n\t\t\t\t\t<p id=\"breadcrumbs\"><span><span><a href=\"https:\/\/clinter.es\/fr\/\">Page d'accueil<\/a><\/span><\/span><\/p>\t\t\t\t<\/div>\n\t\t\t\t<\/div>\n\t\t\t\t<div class=\"elementor-element elementor-element-8b69990 elementor-widget-divider--view-line elementor-widget elementor-widget-divider\" data-id=\"8b69990\" data-element_type=\"widget\" data-e-type=\"widget\" data-widget_type=\"divider.default\">\n\t\t\t\t<div class=\"elementor-widget-container\">\n\t\t\t\t\t\t\t<div class=\"elementor-divider\">\n\t\t\t<span class=\"elementor-divider-separator\">\n\t\t\t\t\t\t<\/span>\n\t\t<\/div>\n\t\t\t\t\t\t<\/div>\n\t\t\t\t<\/div>\n\t\t<div class=\"elementor-element elementor-element-e48e19a e-con-full e-flex e-con e-child\" data-id=\"e48e19a\" data-element_type=\"container\" data-e-type=\"container\">\n\t\t\t\t<div class=\"elementor-element elementor-element-1f8b60e elementor-widget elementor-widget-heading\" data-id=\"1f8b60e\" data-element_type=\"widget\" data-e-type=\"widget\" data-widget_type=\"heading.default\">\n\t\t\t\t<div class=\"elementor-widget-container\">\n\t\t\t\t\t<p class=\"elementor-heading-title elementor-size-default\">01. Objet<\/p>\t\t\t\t<\/div>\n\t\t\t\t<\/div>\n\t\t\t\t<div class=\"elementor-element elementor-element-66d9d73 elementor-widget elementor-widget-text-editor\" data-id=\"66d9d73\" data-element_type=\"widget\" data-e-type=\"widget\" data-widget_type=\"text-editor.default\">\n\t\t\t\t<div class=\"elementor-widget-container\">\n\t\t\t\t\t\t\t\t\t<p>Conform\u00e9ment aux conditions qu\u2019\u00e9tablit le R\u00e8glement (UE) 2016\/679 du Parlement europ\u00e9en et du Conseil, du 27 avril 2016, sur les services de la soci\u00e9t\u00e9 de l\u2019information et du commerce \u00e9lectronique, cet avis l\u00e9gal a pour objet de r\u00e9guler l\u2019utilisation de la page web https:\/\/interpretesjurados.es dont est titulaire l\u2019entreprise <a href=\"http:\/\/www.clinter.es\/\">CLINTER TRADUCCIONES E INTERPRETACIONES, SA<\/a>., titulaire du CIF A84192038 et dont le si\u00e8ge social est fix\u00e9 Paseo del Prado 14 (entresuelo) 28014 Madrid.<\/p><p class=\"p2\">L\u2019adresse courriel est clinter@clinter.es<\/p>\t\t\t\t\t\t\t\t<\/div>\n\t\t\t\t<\/div>\n\t\t\t\t<div class=\"elementor-element elementor-element-f45a2f1 elementor-widget elementor-widget-heading\" data-id=\"f45a2f1\" data-element_type=\"widget\" data-e-type=\"widget\" data-widget_type=\"heading.default\">\n\t\t\t\t<div class=\"elementor-widget-container\">\n\t\t\t\t\t<p class=\"elementor-heading-title elementor-size-default\">02. Utilisateur et r\u00e9gime de responsabilit\u00e9s\n\n<\/p>\t\t\t\t<\/div>\n\t\t\t\t<\/div>\n\t\t\t\t<div class=\"elementor-element elementor-element-a1af146 elementor-widget elementor-widget-text-editor\" data-id=\"a1af146\" data-element_type=\"widget\" data-e-type=\"widget\" data-widget_type=\"text-editor.default\">\n\t\t\t\t<div class=\"elementor-widget-container\">\n\t\t\t\t\t\t\t\t\t<p class=\"p4\">La navigation, l\u2019acc\u00e8s et l\u2019utilisation de la page web https:\/\/interpretesjurados.es conf\u00e8re la qualit\u00e9 d\u2019utilisateur, c\u2019est pourquoi toutes les conditions d\u2019utilisation ici \u00e9tablies sont accept\u00e9es sous r\u00e9serve de l\u2019application de la r\u00e9glementation correspondante d\u2019ex\u00e9cution l\u00e9gale obligatoire selon le cas. L\u2019utilisateur assume sa responsabilit\u00e9 dans l\u2019utilisation correcte de la page web. Cette responsabilit\u00e9 suppose accepter et conna\u00eetre les mises en garde l\u00e9gales qui y sont contenues et s\u2019\u00e9tend \u00e0 la v\u00e9racit\u00e9 et \u00e0 la l\u00e9galit\u00e9 des informations apport\u00e9es par l\u2019utilisateur dans les formulaires pour l\u2019acc\u00e8s aux services offerts par les webs.  <\/p>\t\t\t\t\t\t\t\t<\/div>\n\t\t\t\t<\/div>\n\t\t\t\t<div class=\"elementor-element elementor-element-b4f999c elementor-widget elementor-widget-heading\" data-id=\"b4f999c\" data-element_type=\"widget\" data-e-type=\"widget\" data-widget_type=\"heading.default\">\n\t\t\t\t<div class=\"elementor-widget-container\">\n\t\t\t\t\t<p class=\"elementor-heading-title elementor-size-default\">03. Politiques de liens et exon\u00e9rations de responsabilit\u00e9<br> <br><\/p>\t\t\t\t<\/div>\n\t\t\t\t<\/div>\n\t\t\t\t<div class=\"elementor-element elementor-element-f41a91c elementor-widget elementor-widget-text-editor\" data-id=\"f41a91c\" data-element_type=\"widget\" data-e-type=\"widget\" data-widget_type=\"text-editor.default\">\n\t\t\t\t<div class=\"elementor-widget-container\">\n\t\t\t\t\t\t\t\t\t<p>Interpretesjurados.es n\u2019est pas responsable du contenu des pages web auxquelles l\u2019utilisateur peut acc\u00e9der \u00e0 travers les liens \u00e9tablis sur sa page web et d\u00e9clare qu\u2019il ne proc\u00e8dera en aucun cas \u00e0 examiner ou exercer aucun type de contr\u00f4le sur le contenu d\u2019autres pages. De m\u00eame, il ne garantira pas non plus la disponibilit\u00e9 technique, l\u2019exactitude, la v\u00e9racit\u00e9, la validit\u00e9 ou la l\u00e9galit\u00e9 de pages \u00e9trang\u00e8res \u00e0 sa propri\u00e9t\u00e9 auxquelles il est possible d\u2019acc\u00e9der \u00e0 travers des liens. Interpretesjurados.es n\u2019est responsable en aucun cas des \u00e9ventuels dommages que l\u2019utilisateur pourrait subir \u00e0 cause de la navigation sur Internet.  <\/p>\t\t\t\t\t\t\t\t<\/div>\n\t\t\t\t<\/div>\n\t\t\t\t<div class=\"elementor-element elementor-element-bebf77f elementor-widget elementor-widget-heading\" data-id=\"bebf77f\" data-element_type=\"widget\" data-e-type=\"widget\" data-widget_type=\"heading.default\">\n\t\t\t\t<div class=\"elementor-widget-container\">\n\t\t\t\t\t<p class=\"elementor-heading-title elementor-size-default\">04. Modifications<\/p>\t\t\t\t<\/div>\n\t\t\t\t<\/div>\n\t\t\t\t<div class=\"elementor-element elementor-element-5103b43 elementor-widget elementor-widget-text-editor\" data-id=\"5103b43\" data-element_type=\"widget\" data-e-type=\"widget\" data-widget_type=\"text-editor.default\">\n\t\t\t\t<div class=\"elementor-widget-container\">\n\t\t\t\t\t\t\t\t\t<p>Interpretesjurados.es se r\u00e9serve le droit de r\u00e9aliser les modifications qu\u2019il juge utiles, sans pr\u00e9avis, dans le contenu de sa page web. Tant en ce qui concerne les contenus de la page web, que dans les conditions d\u2019utilisation de celle-ci ou dans les conditions g\u00e9n\u00e9rales de vente. Ces modifications peuvent \u00eatre r\u00e9alis\u00e9es, \u00e0 travers sa page web, de toute forme admissible en droit et sont d\u2019ex\u00e9cution obligatoire pendant la dur\u00e9e pendant laquelle elles se trouvent publi\u00e9es sur le web et jusqu\u2019\u00e0 ce qu\u2019elles ne soient modifi\u00e9es validement par d\u2019autres ult\u00e9rieures.  <\/p>\t\t\t\t\t\t\t\t<\/div>\n\t\t\t\t<\/div>\n\t\t\t\t<div class=\"elementor-element elementor-element-f3ac2a3 elementor-widget elementor-widget-heading\" data-id=\"f3ac2a3\" data-element_type=\"widget\" data-e-type=\"widget\" data-widget_type=\"heading.default\">\n\t\t\t\t<div class=\"elementor-widget-container\">\n\t\t\t\t\t<p class=\"elementor-heading-title elementor-size-default\">05. Protection des donn\u00e9es<\/p>\t\t\t\t<\/div>\n\t\t\t\t<\/div>\n\t\t\t\t<div class=\"elementor-element elementor-element-99c6fa7 elementor-widget elementor-widget-text-editor\" data-id=\"99c6fa7\" data-element_type=\"widget\" data-e-type=\"widget\" data-widget_type=\"text-editor.default\">\n\t\t\t\t<div class=\"elementor-widget-container\">\n\t\t\t\t\t\t\t\t\t<p class=\"p2\">Conform\u00e9ment \u00e0 ce que la loi espagnole de protection des donn\u00e9es \u00e0 caract\u00e8re personnel stipule, Interpretesjurados.es informe les utilisateurs de sa page web que les donn\u00e9es \u00e0 caract\u00e8re personnel obtenues par l\u2019entreprise par les formulaires sis sur ses pages, seront introduites dans un fichier automatis\u00e9 sous la responsabilit\u00e9 de Interpretesjurados.es, afin de pouvoir faciliter, acc\u00e9l\u00e9rer et ex\u00e9cuter les engagements \u00e9tablis entre les deux parties. De m\u00eame, Interpretesjurados.es informe de la possibilit\u00e9 d\u2019exercer les droits d\u2019acc\u00e8s, d\u2019annulation, de rectification et d\u2019opposition aux termes d\u2019un \u00e9crit \u00e0 l\u2019adresse courriel traducciones@clinter.es. Tant que vous ne nous communiquez pas le contraire, nous consid\u00e9rons que vos donn\u00e9es n\u2019ont pas \u00e9t\u00e9 modifi\u00e9es, que vous vous engagez \u00e0 nous notifier toute variation et que nous avons le consentement pour les utiliser afin d\u2019offrir les services demand\u00e9s. Les donn\u00e9es reprises sont incorpor\u00e9es \u00e0 un fichier de donn\u00e9es \u00e0 caract\u00e8re personnel d\u00fbment inscrit au registre g\u00e9n\u00e9ral de protection des donn\u00e9es de l\u2019agence espagnole de protection des donn\u00e9es. Interpretesjurados.es s\u2019engage \u00e0 ne pas c\u00e9der, vendre ni partager les donn\u00e9es avec des tiers sans leur approbation expresse. Il s\u2019engage de m\u00eame \u00e0 annuler ou rectifier les donn\u00e9es lorsqu\u2019elles ne sont pas exactes, compl\u00e8tes ou qu\u2019elles aient cess\u00e9 d\u2019\u00eatre n\u00e9cessaires pour leur finalit\u00e9.     <\/p>\t\t\t\t\t\t\t\t<\/div>\n\t\t\t\t<\/div>\n\t\t\t\t<div class=\"elementor-element elementor-element-4849464 elementor-widget elementor-widget-heading\" data-id=\"4849464\" data-element_type=\"widget\" data-e-type=\"widget\" data-widget_type=\"heading.default\">\n\t\t\t\t<div class=\"elementor-widget-container\">\n\t\t\t\t\t<p class=\"elementor-heading-title elementor-size-default\">06. Propri\u00e9t\u00e9 intellectuelle\n<\/p>\t\t\t\t<\/div>\n\t\t\t\t<\/div>\n\t\t\t\t<div class=\"elementor-element elementor-element-2e5ed3f elementor-widget elementor-widget-text-editor\" data-id=\"2e5ed3f\" data-element_type=\"widget\" data-e-type=\"widget\" data-widget_type=\"text-editor.default\">\n\t\t\t\t<div class=\"elementor-widget-container\">\n\t\t\t\t\t\t\t\t\t<p>Les droits de propri\u00e9t\u00e9 intellectuelle et industrielle d\u00e9riv\u00e9s de tous les textes, images, ainsi que des moyens et formes de pr\u00e9sentation et montage de ses pages appartiennent, pour lui-m\u00eame ou comme cessionnaire, \u00e0 Interpretesjurados.es. Ce sont par cons\u00e9quent des \u0153uvres prot\u00e9g\u00e9es comme propri\u00e9t\u00e9 intellectuelle par l\u2019ordre juridique espagnol, leur \u00e9tant applicable tant la r\u00e9glementation espagnole et communautaire dans ce domaine, que les trait\u00e9s internationaux relatifs \u00e0 la mati\u00e8re et souscrits par l\u2019Espagne. Tous les droits r\u00e9serv\u00e9s. Conform\u00e9ment \u00e0 la loi espagnole de propri\u00e9t\u00e9 intellectuelle, la reproduction, distribution, communication publiques et utilisation de la totalit\u00e9 ou partie des contenus de ses pages web sont express\u00e9ment interdit dans le consentement expr\u00e8s de Interpretesjurados.es.  <\/p>\t\t\t\t\t\t\t\t<\/div>\n\t\t\t\t<\/div>\n\t\t\t\t<\/div>\n\t\t\t\t\t<\/div>\n\t\t\t\t<\/div>\n\t\t\t\t<\/div>\n\t\t","protected":false},"excerpt":{"rendered":"<p>01. Objet Conform\u00e9ment aux conditions qu\u2019\u00e9tablit le R\u00e8glement (UE) 2016\/679 du Parlement europ\u00e9en et du Conseil, du 27 avril 2016, sur les services de la soci\u00e9t\u00e9 de l\u2019information et du commerce \u00e9lectronique, cet avis l\u00e9gal a pour objet de r\u00e9guler l\u2019utilisation de la page web https:\/\/interpretesjurados.es dont est titulaire l\u2019entreprise CLINTER TRADUCCIONES E INTERPRETACIONES, SA., [&hellip;]<\/p>\n","protected":false},"author":8,"featured_media":0,"parent":0,"menu_order":0,"comment_status":"closed","ping_status":"closed","template":"","meta":{"footnotes":""},"class_list":["post-1370","page","type-page","status-publish","hentry"],"yoast_head":"<!-- This site is optimized with the Yoast SEO plugin v27.2 - https:\/\/yoast.com\/product\/yoast-seo-wordpress\/ -->\n<title>Avis l\u00e9gal et politique de confidentialit\u00e9 - Clinter<\/title>\n<meta name=\"robots\" content=\"noindex, follow\" \/>\n<meta property=\"og:locale\" content=\"fr_FR\" \/>\n<meta property=\"og:type\" content=\"article\" \/>\n<meta property=\"og:title\" content=\"Avis l\u00e9gal et politique de confidentialit\u00e9 - Clinter\" \/>\n<meta property=\"og:description\" content=\"01. Objet Conform\u00e9ment aux conditions qu\u2019\u00e9tablit le R\u00e8glement (UE) 2016\/679 du Parlement europ\u00e9en et du Conseil, du 27 avril 2016, sur les services de la soci\u00e9t\u00e9 de l\u2019information et du commerce \u00e9lectronique, cet avis l\u00e9gal a pour objet de r\u00e9guler l\u2019utilisation de la page web https:\/\/interpretesjurados.es dont est titulaire l\u2019entreprise CLINTER TRADUCCIONES E INTERPRETACIONES, SA., [&hellip;]\" \/>\n<meta property=\"og:url\" content=\"https:\/\/clinter.es\/fr\/avis-legal-et-politique-de-confidentialite\/\" \/>\n<meta property=\"og:site_name\" content=\"Clinter\" \/>\n<meta property=\"article:modified_time\" content=\"2026-01-26T17:57:28+00:00\" \/>\n<meta name=\"twitter:card\" content=\"summary_large_image\" \/>\n<meta name=\"twitter:label1\" content=\"Dur\u00e9e de lecture estim\u00e9e\" \/>\n\t<meta name=\"twitter:data1\" content=\"4 minutes\" \/>\n<script type=\"application\/ld+json\" class=\"yoast-schema-graph\">{\"@context\":\"https:\/\/schema.org\",\"@graph\":[{\"@type\":\"WebPage\",\"@id\":\"https:\/\/clinter.es\/fr\/avis-legal-et-politique-de-confidentialite\/\",\"url\":\"https:\/\/clinter.es\/fr\/avis-legal-et-politique-de-confidentialite\/\",\"name\":\"Avis l\u00e9gal et politique de confidentialit\u00e9 - Clinter\",\"isPartOf\":{\"@id\":\"https:\/\/clinter.es\/fr\/#website\"},\"datePublished\":\"2025-06-13T10:59:05+00:00\",\"dateModified\":\"2026-01-26T17:57:28+00:00\",\"breadcrumb\":{\"@id\":\"https:\/\/clinter.es\/fr\/avis-legal-et-politique-de-confidentialite\/#breadcrumb\"},\"inLanguage\":\"fr-FR\",\"potentialAction\":[{\"@type\":\"ReadAction\",\"target\":[\"https:\/\/clinter.es\/fr\/avis-legal-et-politique-de-confidentialite\/\"]}]},{\"@type\":\"BreadcrumbList\",\"@id\":\"https:\/\/clinter.es\/fr\/avis-legal-et-politique-de-confidentialite\/#breadcrumb\",\"itemListElement\":[{\"@type\":\"ListItem\",\"position\":1,\"name\":\"Page d'accueil\",\"item\":\"https:\/\/clinter.es\/fr\/\"},{\"@type\":\"ListItem\",\"position\":2,\"name\":\"Avis l\u00e9gal et politique de confidentialit\u00e9\"}]},{\"@type\":\"WebSite\",\"@id\":\"https:\/\/clinter.es\/fr\/#website\",\"url\":\"https:\/\/clinter.es\/fr\/\",\"name\":\"Clinter\",\"description\":\"Traducciones e intepretaciones\",\"publisher\":{\"@id\":\"https:\/\/clinter.es\/fr\/#organization\"},\"potentialAction\":[{\"@type\":\"SearchAction\",\"target\":{\"@type\":\"EntryPoint\",\"urlTemplate\":\"https:\/\/clinter.es\/fr\/?s={search_term_string}\"},\"query-input\":{\"@type\":\"PropertyValueSpecification\",\"valueRequired\":true,\"valueName\":\"search_term_string\"}}],\"inLanguage\":\"fr-FR\"},{\"@type\":\"Organization\",\"@id\":\"https:\/\/clinter.es\/fr\/#organization\",\"name\":\"Clinter\",\"url\":\"https:\/\/clinter.es\/fr\/\",\"logo\":{\"@type\":\"ImageObject\",\"inLanguage\":\"fr-FR\",\"@id\":\"https:\/\/clinter.es\/fr\/#\/schema\/logo\/image\/\",\"url\":\"https:\/\/clinter.es\/wp-content\/uploads\/2025\/06\/logo-color-clinter.png\",\"contentUrl\":\"https:\/\/clinter.es\/wp-content\/uploads\/2025\/06\/logo-color-clinter.png\",\"width\":300,\"height\":102,\"caption\":\"Clinter\"},\"image\":{\"@id\":\"https:\/\/clinter.es\/fr\/#\/schema\/logo\/image\/\"}}]}<\/script>\n<!-- \/ Yoast SEO plugin. -->","yoast_head_json":{"title":"Avis l\u00e9gal et politique de confidentialit\u00e9 - Clinter","robots":{"index":"noindex","follow":"follow"},"og_locale":"fr_FR","og_type":"article","og_title":"Avis l\u00e9gal et politique de confidentialit\u00e9 - Clinter","og_description":"01. Objet Conform\u00e9ment aux conditions qu\u2019\u00e9tablit le R\u00e8glement (UE) 2016\/679 du Parlement europ\u00e9en et du Conseil, du 27 avril 2016, sur les services de la soci\u00e9t\u00e9 de l\u2019information et du commerce \u00e9lectronique, cet avis l\u00e9gal a pour objet de r\u00e9guler l\u2019utilisation de la page web https:\/\/interpretesjurados.es dont est titulaire l\u2019entreprise CLINTER TRADUCCIONES E INTERPRETACIONES, SA., [&hellip;]","og_url":"https:\/\/clinter.es\/fr\/avis-legal-et-politique-de-confidentialite\/","og_site_name":"Clinter","article_modified_time":"2026-01-26T17:57:28+00:00","twitter_card":"summary_large_image","twitter_misc":{"Dur\u00e9e de lecture estim\u00e9e":"4 minutes"},"schema":{"@context":"https:\/\/schema.org","@graph":[{"@type":"WebPage","@id":"https:\/\/clinter.es\/fr\/avis-legal-et-politique-de-confidentialite\/","url":"https:\/\/clinter.es\/fr\/avis-legal-et-politique-de-confidentialite\/","name":"Avis l\u00e9gal et politique de confidentialit\u00e9 - Clinter","isPartOf":{"@id":"https:\/\/clinter.es\/fr\/#website"},"datePublished":"2025-06-13T10:59:05+00:00","dateModified":"2026-01-26T17:57:28+00:00","breadcrumb":{"@id":"https:\/\/clinter.es\/fr\/avis-legal-et-politique-de-confidentialite\/#breadcrumb"},"inLanguage":"fr-FR","potentialAction":[{"@type":"ReadAction","target":["https:\/\/clinter.es\/fr\/avis-legal-et-politique-de-confidentialite\/"]}]},{"@type":"BreadcrumbList","@id":"https:\/\/clinter.es\/fr\/avis-legal-et-politique-de-confidentialite\/#breadcrumb","itemListElement":[{"@type":"ListItem","position":1,"name":"Page d'accueil","item":"https:\/\/clinter.es\/fr\/"},{"@type":"ListItem","position":2,"name":"Avis l\u00e9gal et politique de confidentialit\u00e9"}]},{"@type":"WebSite","@id":"https:\/\/clinter.es\/fr\/#website","url":"https:\/\/clinter.es\/fr\/","name":"Clinter","description":"Traducciones e intepretaciones","publisher":{"@id":"https:\/\/clinter.es\/fr\/#organization"},"potentialAction":[{"@type":"SearchAction","target":{"@type":"EntryPoint","urlTemplate":"https:\/\/clinter.es\/fr\/?s={search_term_string}"},"query-input":{"@type":"PropertyValueSpecification","valueRequired":true,"valueName":"search_term_string"}}],"inLanguage":"fr-FR"},{"@type":"Organization","@id":"https:\/\/clinter.es\/fr\/#organization","name":"Clinter","url":"https:\/\/clinter.es\/fr\/","logo":{"@type":"ImageObject","inLanguage":"fr-FR","@id":"https:\/\/clinter.es\/fr\/#\/schema\/logo\/image\/","url":"https:\/\/clinter.es\/wp-content\/uploads\/2025\/06\/logo-color-clinter.png","contentUrl":"https:\/\/clinter.es\/wp-content\/uploads\/2025\/06\/logo-color-clinter.png","width":300,"height":102,"caption":"Clinter"},"image":{"@id":"https:\/\/clinter.es\/fr\/#\/schema\/logo\/image\/"}}]}},"_links":{"self":[{"href":"https:\/\/clinter.es\/fr\/wp-json\/wp\/v2\/pages\/1370","targetHints":{"allow":["GET"]}}],"collection":[{"href":"https:\/\/clinter.es\/fr\/wp-json\/wp\/v2\/pages"}],"about":[{"href":"https:\/\/clinter.es\/fr\/wp-json\/wp\/v2\/types\/page"}],"author":[{"embeddable":true,"href":"https:\/\/clinter.es\/fr\/wp-json\/wp\/v2\/users\/8"}],"replies":[{"embeddable":true,"href":"https:\/\/clinter.es\/fr\/wp-json\/wp\/v2\/comments?post=1370"}],"version-history":[{"count":3,"href":"https:\/\/clinter.es\/fr\/wp-json\/wp\/v2\/pages\/1370\/revisions"}],"predecessor-version":[{"id":16103,"href":"https:\/\/clinter.es\/fr\/wp-json\/wp\/v2\/pages\/1370\/revisions\/16103"}],"wp:attachment":[{"href":"https:\/\/clinter.es\/fr\/wp-json\/wp\/v2\/media?parent=1370"}],"curies":[{"name":"wp","href":"https:\/\/api.w.org\/{rel}","templated":true}]}}