{"id":1374,"date":"2025-06-13T13:28:18","date_gmt":"2025-06-13T11:28:18","guid":{"rendered":"https:\/\/clinter.es\/politique-en-matiere-de-cookies\/"},"modified":"2025-07-02T13:05:29","modified_gmt":"2025-07-02T11:05:29","slug":"politique-en-matiere-de-cookies","status":"publish","type":"page","link":"https:\/\/clinter.es\/fr\/politique-en-matiere-de-cookies\/","title":{"rendered":"Politique en mati\u00e8re de cookies"},"content":{"rendered":"\t\t<div data-elementor-type=\"wp-page\" data-elementor-id=\"1374\" class=\"elementor elementor-1374 elementor-279\" data-elementor-post-type=\"page\">\n\t\t\t\t<div data-particle_enable=\"false\" data-particle-mobile-disabled=\"false\" data-dce-background-overlay-image-url=\"https:\/\/clinter.es\/wp-content\/uploads\/2025\/06\/fondo2-scaled-1.jpg\" class=\"elementor-element elementor-element-38fd944 e-flex e-con-boxed e-con e-parent\" data-id=\"38fd944\" data-element_type=\"container\" data-e-type=\"container\">\n\t\t\t\t\t<div class=\"e-con-inner\">\n\t\t\t\t<div class=\"elementor-element elementor-element-1b970f5 elementor-widget__width-inherit elementor-widget-mobile__width-inherit elementor-widget-tablet__width-inherit elementor-widget elementor-widget-heading\" data-id=\"1b970f5\" data-element_type=\"widget\" data-e-type=\"widget\" data-widget_type=\"heading.default\">\n\t\t\t\t<div class=\"elementor-widget-container\">\n\t\t\t\t\t<p class=\"elementor-heading-title elementor-size-default\">Politique en mati\u00e8re de cookies<\/p>\t\t\t\t<\/div>\n\t\t\t\t<\/div>\n\t\t\t\t<div class=\"elementor-element elementor-element-87b36f4 elementor-align-left elementor-widget elementor-widget-breadcrumbs\" data-id=\"87b36f4\" data-element_type=\"widget\" data-e-type=\"widget\" data-widget_type=\"breadcrumbs.default\">\n\t\t\t\t<div class=\"elementor-widget-container\">\n\t\t\t\t\t<p id=\"breadcrumbs\"><span><span><a href=\"https:\/\/clinter.es\/fr\/\">Page d'accueil<\/a><\/span><\/span><\/p>\t\t\t\t<\/div>\n\t\t\t\t<\/div>\n\t\t\t\t<div class=\"elementor-element elementor-element-1f0e0d0 elementor-widget-divider--view-line elementor-widget elementor-widget-divider\" data-id=\"1f0e0d0\" data-element_type=\"widget\" data-e-type=\"widget\" data-widget_type=\"divider.default\">\n\t\t\t\t<div class=\"elementor-widget-container\">\n\t\t\t\t\t\t\t<div class=\"elementor-divider\">\n\t\t\t<span class=\"elementor-divider-separator\">\n\t\t\t\t\t\t<\/span>\n\t\t<\/div>\n\t\t\t\t\t\t<\/div>\n\t\t\t\t<\/div>\n\t\t\t\t<div class=\"elementor-element elementor-element-c6fa2a0 elementor-widget elementor-widget-text-editor\" data-id=\"c6fa2a0\" data-element_type=\"widget\" data-e-type=\"widget\" data-widget_type=\"text-editor.default\">\n\t\t\t\t<div class=\"elementor-widget-container\">\n\t\t\t\t\t\t\t\t\t<p>L&rsquo;objectif de notre politique en mati\u00e8re de cookies est de vous informer de mani\u00e8re claire et pr\u00e9cise sur les types de cookies que nous utilisons sur notre site web, ainsi que sur leur finalit\u00e9, les donn\u00e9es collect\u00e9es par chacun d&rsquo;entre eux et la mani\u00e8re dont vous pouvez les supprimer ou les d\u00e9sactiver \u00e0 l&rsquo;aide des outils fournis par votre navigateur. <\/p><p>Les cookies sont des fichiers contenant de petites quantit\u00e9s d&rsquo;informations qui sont t\u00e9l\u00e9charg\u00e9s sur l&rsquo;appareil de l&rsquo;utilisateur lorsqu&rsquo;il visite un site web. Leur principal objectif est de reconna\u00eetre l&rsquo;utilisateur chaque fois qu&rsquo;il acc\u00e8de \u00e0 un site web et de permettre l&rsquo;analyse pour am\u00e9liorer la qualit\u00e9 et la convivialit\u00e9 du site web. <\/p><p>Les cookies sont essentiels au fonctionnement de l&rsquo;internet ; ils ne peuvent pas endommager votre ordinateur et, s&rsquo;ils sont activ\u00e9s dans les param\u00e8tres de votre navigateur, ils permettent d&rsquo;identifier et de r\u00e9soudre d&rsquo;\u00e9ventuels dysfonctionnements.<\/p>\t\t\t\t\t\t\t\t<\/div>\n\t\t\t\t<\/div>\n\t\t\t\t<div class=\"elementor-element elementor-element-694dc73 elementor-widget elementor-widget-heading\" data-id=\"694dc73\" data-element_type=\"widget\" data-e-type=\"widget\" data-widget_type=\"heading.default\">\n\t\t\t\t<div class=\"elementor-widget-container\">\n\t\t\t\t\t<p class=\"elementor-heading-title elementor-size-default\">01. Types de cookies<\/p>\t\t\t\t<\/div>\n\t\t\t\t<\/div>\n\t\t\t\t<div class=\"elementor-element elementor-element-46182e7 elementor-widget elementor-widget-text-editor\" data-id=\"46182e7\" data-element_type=\"widget\" data-e-type=\"widget\" data-widget_type=\"text-editor.default\">\n\t\t\t\t<div class=\"elementor-widget-container\">\n\t\t\t\t\t\t\t\t\t<ul><li><strong>Les cookies de session<\/strong> ne durent que le temps de votre visite et sont supprim\u00e9s lorsque vous fermez votre navigateur. Ils servent principalement \u00e0 identifier le type d&rsquo;appareil, \u00e0 assurer la s\u00e9curit\u00e9 du site web ou \u00e0 offrir des fonctionnalit\u00e9s de base. Ils ne contiennent pas d&rsquo;informations permettant de vous identifier personnellement.  <\/li><li><strong>Les cookies persistants ou permanents <\/strong>sont stock\u00e9s sur le disque dur de l&rsquo;appareil et le site web les lit \u00e0 chaque nouvelle visite ; ils ont une date d&rsquo;expiration sp\u00e9cifique, apr\u00e8s laquelle le cookie cesse de fonctionner. Ils permettent d&rsquo;identifier les actions, les visites et le comportement g\u00e9n\u00e9ral de l&rsquo;utilisateur. <\/li><li><strong>Cookies de fonctionnalit\u00e9: <\/strong>ces cookies nous permettent de nous souvenir des d\u00e9cisions prises par l&rsquo;utilisateur, telles que son login ou son identifiant. Les informations collect\u00e9es par ces cookies sont anonymes (c&rsquo;est-\u00e0-dire qu&rsquo;elles ne contiennent pas le nom, l&rsquo;adresse ou d&rsquo;autres donn\u00e9es de l&rsquo;utilisateur). <\/li><li><strong>Cookies de tiers:<\/strong> les cookies de tiers sont des cookies mis en place par un site web autre que celui que vous visitez, par exemple ceux utilis\u00e9s par les r\u00e9seaux sociaux (tels que Facebook) ou les plugins de contenu externe (tels que Google Maps).<\/li><li><strong>Cookies analytiques:<\/strong> ils ont pour but d&rsquo;assurer la maintenance p\u00e9riodique et de garantir les meilleures performances et le meilleur service \u00e0 l&rsquo;utilisateur ; ils collectent des donn\u00e9es sur leur activit\u00e9.<\/li><\/ul>\t\t\t\t\t\t\t\t<\/div>\n\t\t\t\t<\/div>\n\t\t\t\t<div class=\"elementor-element elementor-element-b8ccfe2 elementor-widget elementor-widget-heading\" data-id=\"b8ccfe2\" data-element_type=\"widget\" data-e-type=\"widget\" data-widget_type=\"heading.default\">\n\t\t\t\t<div class=\"elementor-widget-container\">\n\t\t\t\t\t<p class=\"elementor-heading-title elementor-size-default\">02. Utilisation de cookies<\/p>\t\t\t\t<\/div>\n\t\t\t\t<\/div>\n\t\t\t\t<div class=\"elementor-element elementor-element-71eff48 elementor-widget elementor-widget-text-editor\" data-id=\"71eff48\" data-element_type=\"widget\" data-e-type=\"widget\" data-widget_type=\"text-editor.default\">\n\t\t\t\t<div class=\"elementor-widget-container\">\n\t\t\t\t\t\t\t\t\t<p>En acc\u00e9dant au site web, vous acceptez implicitement que nous puissions utiliser ce type de cookies sur vos appareils. Si vous d\u00e9sactivez les cookies, votre navigation sur le site web peut ne pas \u00eatre optimale et certains utilitaires peuvent ne pas fonctionner correctement. <\/p>\t\t\t\t\t\t\t\t<\/div>\n\t\t\t\t<\/div>\n\t\t\t\t<div class=\"elementor-element elementor-element-ddc000e elementor-widget elementor-widget-heading\" data-id=\"ddc000e\" data-element_type=\"widget\" data-e-type=\"widget\" data-widget_type=\"heading.default\">\n\t\t\t\t<div class=\"elementor-widget-container\">\n\t\t\t\t\t<p class=\"elementor-heading-title elementor-size-default\">03. Nos propres biscuits<\/p>\t\t\t\t<\/div>\n\t\t\t\t<\/div>\n\t\t\t\t<div class=\"elementor-element elementor-element-45f953c elementor-widget elementor-widget-text-editor\" data-id=\"45f953c\" data-element_type=\"widget\" data-e-type=\"widget\" data-widget_type=\"text-editor.default\">\n\t\t\t\t<div class=\"elementor-widget-container\">\n\t\t\t\t\t\t\t\t\t<p>Afin de fournir un meilleur service, le site web utilise ses propres cookies. Les avantages d&rsquo;accepter nos cookies se traduisent par un gain de temps. Ils peuvent \u00e9galement \u00eatre utilis\u00e9s pour reconna\u00eetre des informations sur la date et l&rsquo;heure de votre derni\u00e8re visite, mesurer certains param\u00e8tres de trafic sur le site lui-m\u00eame et estimer le nombre de visites effectu\u00e9es, afin que nous puissions cibler et ajuster les services et les promotions de mani\u00e8re plus efficace.  <\/p><p>Aucun cookie ne nous permet de vous contacter avec votre num\u00e9ro de t\u00e9l\u00e9phone, votre adresse \u00e9lectronique ou tout autre moyen de contact. Aucun cookie ne peut extraire des informations de votre disque dur ou voler des informations personnelles. <\/p>\t\t\t\t\t\t\t\t<\/div>\n\t\t\t\t<\/div>\n\t\t\t\t<div class=\"elementor-element elementor-element-d27fd2f elementor-widget elementor-widget-heading\" data-id=\"d27fd2f\" data-element_type=\"widget\" data-e-type=\"widget\" data-widget_type=\"heading.default\">\n\t\t\t\t<div class=\"elementor-widget-container\">\n\t\t\t\t\t<p class=\"elementor-heading-title elementor-size-default\">04. Param\u00e8tres des cookies\n\n<\/p>\t\t\t\t<\/div>\n\t\t\t\t<\/div>\n\t\t\t\t<div class=\"elementor-element elementor-element-2353da8 elementor-widget elementor-widget-text-editor\" data-id=\"2353da8\" data-element_type=\"widget\" data-e-type=\"widget\" data-widget_type=\"text-editor.default\">\n\t\t\t\t<div class=\"elementor-widget-container\">\n\t\t\t\t\t\t\t\t\t<p>L&rsquo;utilisateur peut bloquer les cookies par le biais des param\u00e8tres du navigateur ou mettre en place des avertissements lorsqu&rsquo;un serveur enregistre un cookie.<\/p>\t\t\t\t\t\t\t\t<\/div>\n\t\t\t\t<\/div>\n\t\t\t\t<div class=\"elementor-element elementor-element-f9920cd elementor-widget elementor-widget-heading\" data-id=\"f9920cd\" data-element_type=\"widget\" data-e-type=\"widget\" data-widget_type=\"heading.default\">\n\t\t\t\t<div class=\"elementor-widget-container\">\n\t\t\t\t\t<p class=\"elementor-heading-title elementor-size-default\">05. Modification de la politique en mati\u00e8re de cookies\n\n<\/p>\t\t\t\t<\/div>\n\t\t\t\t<\/div>\n\t\t\t\t<div class=\"elementor-element elementor-element-295748e elementor-widget elementor-widget-text-editor\" data-id=\"295748e\" data-element_type=\"widget\" data-e-type=\"widget\" data-widget_type=\"text-editor.default\">\n\t\t\t\t<div class=\"elementor-widget-container\">\n\t\t\t\t\t\t\t\t\t<div class=\"textwidget\"><p>CLINTER TRADUCCIONES E INTERPRETACIONES, S.A. se r\u00e9serve le droit de modifier, d\u00e9velopper ou mettre \u00e0 jour, \u00e0 tout moment et sans pr\u00e9avis, la Politique en mati\u00e8re de cookies de ce site Web. Nous vous recommandons de consulter la Politique en mati\u00e8re de cookies chaque fois que vous acc\u00e9dez \u00e0 notre site Web afin d&rsquo;\u00eatre inform\u00e9 \u00e0 tout moment de la mani\u00e8re dont nous utilisons les cookies et de la finalit\u00e9 de cette utilisation. <\/p><\/div>\t\t\t\t\t\t\t\t<\/div>\n\t\t\t\t<\/div>\n\t\t\t\t<div class=\"elementor-element elementor-element-7321074 elementor-widget elementor-widget-text-editor\" data-id=\"7321074\" data-element_type=\"widget\" data-e-type=\"widget\" data-widget_type=\"text-editor.default\">\n\t\t\t\t<div class=\"elementor-widget-container\">\n\t\t\t\t\t\t\t\t\t<p>\u00c0 Madrid, le 22 juin 2023.<\/p><p>Hernando A. Barrios y Prieto<\/p><p>Pr\u00e9sident de<\/p><p>CLINTER CLINTER TRADUCCIONES E INTERPRETACIONES, S.A.<\/p>\t\t\t\t\t\t\t\t<\/div>\n\t\t\t\t<\/div>\n\t\t\t\t\t<\/div>\n\t\t\t\t<\/div>\n\t\t\t\t<\/div>\n\t\t","protected":false},"excerpt":{"rendered":"<p>L&rsquo;objectif de notre politique en mati\u00e8re de cookies est de vous informer de mani\u00e8re claire et pr\u00e9cise sur les types de cookies que nous utilisons sur notre site web, ainsi que sur leur finalit\u00e9, les donn\u00e9es collect\u00e9es par chacun d&rsquo;entre eux et la mani\u00e8re dont vous pouvez les supprimer ou les d\u00e9sactiver \u00e0 l&rsquo;aide des [&hellip;]<\/p>\n","protected":false},"author":8,"featured_media":0,"parent":0,"menu_order":0,"comment_status":"closed","ping_status":"closed","template":"","meta":{"_angie_page":false,"footnotes":""},"class_list":["post-1374","page","type-page","status-publish","hentry"],"yoast_head":"<!-- This site is optimized with the Yoast SEO plugin v27.3 - https:\/\/yoast.com\/product\/yoast-seo-wordpress\/ -->\n<title>Politique en mati\u00e8re de cookies - Clinter<\/title>\n<meta name=\"robots\" content=\"noindex, follow\" \/>\n<meta property=\"og:locale\" content=\"fr_FR\" \/>\n<meta property=\"og:type\" content=\"article\" \/>\n<meta property=\"og:title\" content=\"Politique en mati\u00e8re de cookies - Clinter\" \/>\n<meta property=\"og:description\" content=\"L&rsquo;objectif de notre politique en mati\u00e8re de cookies est de vous informer de mani\u00e8re claire et pr\u00e9cise sur les types de cookies que nous utilisons sur notre site web, ainsi que sur leur finalit\u00e9, les donn\u00e9es collect\u00e9es par chacun d&rsquo;entre eux et la mani\u00e8re dont vous pouvez les supprimer ou les d\u00e9sactiver \u00e0 l&rsquo;aide des [&hellip;]\" \/>\n<meta property=\"og:url\" content=\"https:\/\/clinter.es\/fr\/politique-en-matiere-de-cookies\/\" \/>\n<meta property=\"og:site_name\" content=\"Clinter\" \/>\n<meta property=\"article:modified_time\" content=\"2025-07-02T11:05:29+00:00\" \/>\n<meta name=\"twitter:card\" content=\"summary_large_image\" \/>\n<meta name=\"twitter:label1\" content=\"Dur\u00e9e de lecture estim\u00e9e\" \/>\n\t<meta name=\"twitter:data1\" content=\"3 minutes\" \/>\n<script type=\"application\/ld+json\" class=\"yoast-schema-graph\">{\"@context\":\"https:\\\/\\\/schema.org\",\"@graph\":[{\"@type\":\"WebPage\",\"@id\":\"https:\\\/\\\/clinter.es\\\/fr\\\/politique-en-matiere-de-cookies\\\/\",\"url\":\"https:\\\/\\\/clinter.es\\\/fr\\\/politique-en-matiere-de-cookies\\\/\",\"name\":\"Politique en mati\u00e8re de cookies - Clinter\",\"isPartOf\":{\"@id\":\"https:\\\/\\\/clinter.es\\\/fr\\\/#website\"},\"datePublished\":\"2025-06-13T11:28:18+00:00\",\"dateModified\":\"2025-07-02T11:05:29+00:00\",\"breadcrumb\":{\"@id\":\"https:\\\/\\\/clinter.es\\\/fr\\\/politique-en-matiere-de-cookies\\\/#breadcrumb\"},\"inLanguage\":\"fr-FR\",\"potentialAction\":[{\"@type\":\"ReadAction\",\"target\":[\"https:\\\/\\\/clinter.es\\\/fr\\\/politique-en-matiere-de-cookies\\\/\"]}]},{\"@type\":\"BreadcrumbList\",\"@id\":\"https:\\\/\\\/clinter.es\\\/fr\\\/politique-en-matiere-de-cookies\\\/#breadcrumb\",\"itemListElement\":[{\"@type\":\"ListItem\",\"position\":1,\"name\":\"Page d'accueil\",\"item\":\"https:\\\/\\\/clinter.es\\\/fr\\\/\"},{\"@type\":\"ListItem\",\"position\":2,\"name\":\"Politique en mati\u00e8re de cookies\"}]},{\"@type\":\"WebSite\",\"@id\":\"https:\\\/\\\/clinter.es\\\/fr\\\/#website\",\"url\":\"https:\\\/\\\/clinter.es\\\/fr\\\/\",\"name\":\"Clinter\",\"description\":\"Traducciones e intepretaciones\",\"publisher\":{\"@id\":\"https:\\\/\\\/clinter.es\\\/fr\\\/#organization\"},\"potentialAction\":[{\"@type\":\"SearchAction\",\"target\":{\"@type\":\"EntryPoint\",\"urlTemplate\":\"https:\\\/\\\/clinter.es\\\/fr\\\/?s={search_term_string}\"},\"query-input\":{\"@type\":\"PropertyValueSpecification\",\"valueRequired\":true,\"valueName\":\"search_term_string\"}}],\"inLanguage\":\"fr-FR\"},{\"@type\":\"Organization\",\"@id\":\"https:\\\/\\\/clinter.es\\\/fr\\\/#organization\",\"name\":\"Clinter\",\"url\":\"https:\\\/\\\/clinter.es\\\/fr\\\/\",\"logo\":{\"@type\":\"ImageObject\",\"inLanguage\":\"fr-FR\",\"@id\":\"https:\\\/\\\/clinter.es\\\/fr\\\/#\\\/schema\\\/logo\\\/image\\\/\",\"url\":\"https:\\\/\\\/clinter.es\\\/wp-content\\\/uploads\\\/2025\\\/06\\\/logo-color-clinter.png\",\"contentUrl\":\"https:\\\/\\\/clinter.es\\\/wp-content\\\/uploads\\\/2025\\\/06\\\/logo-color-clinter.png\",\"width\":300,\"height\":102,\"caption\":\"Clinter\"},\"image\":{\"@id\":\"https:\\\/\\\/clinter.es\\\/fr\\\/#\\\/schema\\\/logo\\\/image\\\/\"}}]}<\/script>\n<!-- \/ Yoast SEO plugin. -->","yoast_head_json":{"title":"Politique en mati\u00e8re de cookies - Clinter","robots":{"index":"noindex","follow":"follow"},"og_locale":"fr_FR","og_type":"article","og_title":"Politique en mati\u00e8re de cookies - Clinter","og_description":"L&rsquo;objectif de notre politique en mati\u00e8re de cookies est de vous informer de mani\u00e8re claire et pr\u00e9cise sur les types de cookies que nous utilisons sur notre site web, ainsi que sur leur finalit\u00e9, les donn\u00e9es collect\u00e9es par chacun d&rsquo;entre eux et la mani\u00e8re dont vous pouvez les supprimer ou les d\u00e9sactiver \u00e0 l&rsquo;aide des [&hellip;]","og_url":"https:\/\/clinter.es\/fr\/politique-en-matiere-de-cookies\/","og_site_name":"Clinter","article_modified_time":"2025-07-02T11:05:29+00:00","twitter_card":"summary_large_image","twitter_misc":{"Dur\u00e9e de lecture estim\u00e9e":"3 minutes"},"schema":{"@context":"https:\/\/schema.org","@graph":[{"@type":"WebPage","@id":"https:\/\/clinter.es\/fr\/politique-en-matiere-de-cookies\/","url":"https:\/\/clinter.es\/fr\/politique-en-matiere-de-cookies\/","name":"Politique en mati\u00e8re de cookies - Clinter","isPartOf":{"@id":"https:\/\/clinter.es\/fr\/#website"},"datePublished":"2025-06-13T11:28:18+00:00","dateModified":"2025-07-02T11:05:29+00:00","breadcrumb":{"@id":"https:\/\/clinter.es\/fr\/politique-en-matiere-de-cookies\/#breadcrumb"},"inLanguage":"fr-FR","potentialAction":[{"@type":"ReadAction","target":["https:\/\/clinter.es\/fr\/politique-en-matiere-de-cookies\/"]}]},{"@type":"BreadcrumbList","@id":"https:\/\/clinter.es\/fr\/politique-en-matiere-de-cookies\/#breadcrumb","itemListElement":[{"@type":"ListItem","position":1,"name":"Page d'accueil","item":"https:\/\/clinter.es\/fr\/"},{"@type":"ListItem","position":2,"name":"Politique en mati\u00e8re de cookies"}]},{"@type":"WebSite","@id":"https:\/\/clinter.es\/fr\/#website","url":"https:\/\/clinter.es\/fr\/","name":"Clinter","description":"Traducciones e intepretaciones","publisher":{"@id":"https:\/\/clinter.es\/fr\/#organization"},"potentialAction":[{"@type":"SearchAction","target":{"@type":"EntryPoint","urlTemplate":"https:\/\/clinter.es\/fr\/?s={search_term_string}"},"query-input":{"@type":"PropertyValueSpecification","valueRequired":true,"valueName":"search_term_string"}}],"inLanguage":"fr-FR"},{"@type":"Organization","@id":"https:\/\/clinter.es\/fr\/#organization","name":"Clinter","url":"https:\/\/clinter.es\/fr\/","logo":{"@type":"ImageObject","inLanguage":"fr-FR","@id":"https:\/\/clinter.es\/fr\/#\/schema\/logo\/image\/","url":"https:\/\/clinter.es\/wp-content\/uploads\/2025\/06\/logo-color-clinter.png","contentUrl":"https:\/\/clinter.es\/wp-content\/uploads\/2025\/06\/logo-color-clinter.png","width":300,"height":102,"caption":"Clinter"},"image":{"@id":"https:\/\/clinter.es\/fr\/#\/schema\/logo\/image\/"}}]}},"_links":{"self":[{"href":"https:\/\/clinter.es\/fr\/wp-json\/wp\/v2\/pages\/1374","targetHints":{"allow":["GET"]}}],"collection":[{"href":"https:\/\/clinter.es\/fr\/wp-json\/wp\/v2\/pages"}],"about":[{"href":"https:\/\/clinter.es\/fr\/wp-json\/wp\/v2\/types\/page"}],"author":[{"embeddable":true,"href":"https:\/\/clinter.es\/fr\/wp-json\/wp\/v2\/users\/8"}],"replies":[{"embeddable":true,"href":"https:\/\/clinter.es\/fr\/wp-json\/wp\/v2\/comments?post=1374"}],"version-history":[{"count":0,"href":"https:\/\/clinter.es\/fr\/wp-json\/wp\/v2\/pages\/1374\/revisions"}],"wp:attachment":[{"href":"https:\/\/clinter.es\/fr\/wp-json\/wp\/v2\/media?parent=1374"}],"curies":[{"name":"wp","href":"https:\/\/api.w.org\/{rel}","templated":true}]}}