{"id":16342,"date":"2026-02-19T17:08:13","date_gmt":"2026-02-19T16:08:13","guid":{"rendered":"https:\/\/clinter.es\/assurance-responsabilite-civile\/"},"modified":"2026-02-19T17:21:27","modified_gmt":"2026-02-19T16:21:27","slug":"assurance-responsabilite-civile","status":"publish","type":"page","link":"https:\/\/clinter.es\/fr\/assurance-responsabilite-civile\/","title":{"rendered":"Assurance responsabilit\u00e9 civile"},"content":{"rendered":"\t\t<div data-elementor-type=\"wp-page\" data-elementor-id=\"16342\" class=\"elementor elementor-16342 elementor-16337\" data-elementor-post-type=\"page\">\n\t\t\t\t<div data-particle_enable=\"false\" data-particle-mobile-disabled=\"false\" data-dce-background-overlay-image-url=\"https:\/\/clinter.es\/wp-content\/uploads\/2025\/06\/fondo2-scaled-1.jpg\" class=\"elementor-element elementor-element-edce32a e-flex e-con-boxed e-con e-parent\" data-id=\"edce32a\" data-element_type=\"container\" data-e-type=\"container\" data-settings=\"{&quot;background_background&quot;:&quot;classic&quot;}\">\n\t\t\t\t\t<div class=\"e-con-inner\">\n\t\t\t\t<div class=\"elementor-element elementor-element-507f30a elementor-widget__width-inherit elementor-widget-mobile__width-inherit elementor-widget-tablet__width-inherit elementor-widget elementor-widget-heading\" data-id=\"507f30a\" data-element_type=\"widget\" data-e-type=\"widget\" data-widget_type=\"heading.default\">\n\t\t\t\t<div class=\"elementor-widget-container\">\n\t\t\t\t\t<p class=\"elementor-heading-title elementor-size-default\">Assurance responsabilit\u00e9 civile<\/p>\t\t\t\t<\/div>\n\t\t\t\t<\/div>\n\t\t\t\t<div class=\"elementor-element elementor-element-632507f elementor-widget elementor-widget-breadcrumbs\" data-id=\"632507f\" data-element_type=\"widget\" data-e-type=\"widget\" data-widget_type=\"breadcrumbs.default\">\n\t\t\t\t<div class=\"elementor-widget-container\">\n\t\t\t\t\t<p id=\"breadcrumbs\"><span><span><a href=\"https:\/\/clinter.es\/fr\/\">Page d'accueil<\/a><\/span><\/span><\/p>\t\t\t\t<\/div>\n\t\t\t\t<\/div>\n\t\t\t\t<div class=\"elementor-element elementor-element-951b990 elementor-widget-divider--view-line elementor-widget elementor-widget-divider\" data-id=\"951b990\" data-element_type=\"widget\" data-e-type=\"widget\" data-widget_type=\"divider.default\">\n\t\t\t\t<div class=\"elementor-widget-container\">\n\t\t\t\t\t\t\t<div class=\"elementor-divider\">\n\t\t\t<span class=\"elementor-divider-separator\">\n\t\t\t\t\t\t<\/span>\n\t\t<\/div>\n\t\t\t\t\t\t<\/div>\n\t\t\t\t<\/div>\n\t\t<div data-particle_enable=\"false\" data-particle-mobile-disabled=\"false\" class=\"elementor-element elementor-element-5729860 e-con-full e-flex e-con e-child\" data-id=\"5729860\" data-element_type=\"container\" data-e-type=\"container\">\n\t\t\t\t<div class=\"elementor-element elementor-element-b153b79 elementor-widget elementor-widget-text-editor\" data-id=\"b153b79\" data-element_type=\"widget\" data-e-type=\"widget\" data-widget_type=\"text-editor.default\">\n\t\t\t\t<div class=\"elementor-widget-container\">\n\t\t\t\t\t\t\t\t\t<p class=\"p1\">En plus que nos traductions et interpr\u00e9tations r\u00e9pondent aux normes de qualit\u00e9 les plus \u00e9lev\u00e9es et sont soutenues par les certifications de qualit\u00e9 que nous poss\u00e9dons et qui sont soumises \u00e0 des audits externes rigoureux et p\u00e9riodiques pour leur maintien et leur renouvellement, nous avons \u00e9galement souscrit depuis de nombreuses ann\u00e9es une assurance responsabilit\u00e9 civile aupr\u00e8s de l&rsquo;une des compagnies d&rsquo;assurance les plus solvables au monde, qui couvre plus d\u2019un million d&rsquo;euros par sinistre et par an. Cependant, nous pouvons affirmer avec fiert\u00e9 que, malgr\u00e9 les nombreuses ann\u00e9es \u00e9coul\u00e9es, aucun sinistre n&rsquo;est survenu qui ait n\u00e9cessit\u00e9 le recours \u00e0 cette couverture d&rsquo;assurance. <\/p>\t\t\t\t\t\t\t\t<\/div>\n\t\t\t\t<\/div>\n\t\t\t\t<div class=\"elementor-element elementor-element-1309f67 elementor-widget elementor-widget-dce-google-document-preview\" data-id=\"1309f67\" data-element_type=\"widget\" data-e-type=\"widget\" data-widget_type=\"dce-google-document-preview.default\">\n\t\t\t\t<div class=\"elementor-widget-container\">\n\t\t\t\t\t\t\t<iframe src=\"https:\/\/docs.google.com\/viewer?embedded=true&amp;url=https%3A%2F%2Fclinter.es%2Fwp-content%2Fuploads%2F2026%2F02%2Fseguro-responsabilidad-civil.pdf\" frameborder=\"0\" width=\"100%\" height=\"80\" allowfullscreen=\"true\"><\/iframe>\n\t\t\t\t\t\t<\/div>\n\t\t\t\t<\/div>\n\t\t\t\t<\/div>\n\t\t\t\t\t<\/div>\n\t\t\t\t<\/div>\n\t\t\t\t<\/div>\n\t\t","protected":false},"excerpt":{"rendered":"<p>En plus que nos traductions et interpr\u00e9tations r\u00e9pondent aux normes de qualit\u00e9 les plus \u00e9lev\u00e9es et sont soutenues par les certifications de qualit\u00e9 que nous poss\u00e9dons et qui sont soumises \u00e0 des audits externes rigoureux et p\u00e9riodiques pour leur maintien et leur renouvellement, nous avons \u00e9galement souscrit depuis de nombreuses ann\u00e9es une assurance responsabilit\u00e9 civile [&hellip;]<\/p>\n","protected":false},"author":8,"featured_media":0,"parent":0,"menu_order":0,"comment_status":"closed","ping_status":"closed","template":"","meta":{"_angie_page":false,"footnotes":""},"class_list":["post-16342","page","type-page","status-publish","hentry"],"yoast_head":"<!-- This site is optimized with the Yoast SEO plugin v27.5 - https:\/\/yoast.com\/product\/yoast-seo-wordpress\/ -->\n<title>Assurance responsabilit\u00e9 civile - Clinter<\/title>\n<meta name=\"robots\" content=\"index, follow, max-snippet:-1, max-image-preview:large, max-video-preview:-1\" \/>\n<link rel=\"canonical\" href=\"https:\/\/clinter.es\/fr\/assurance-responsabilite-civile\/\" \/>\n<meta property=\"og:locale\" content=\"fr_FR\" \/>\n<meta property=\"og:type\" content=\"article\" \/>\n<meta property=\"og:title\" content=\"Assurance responsabilit\u00e9 civile - Clinter\" \/>\n<meta property=\"og:description\" content=\"En plus que nos traductions et interpr\u00e9tations r\u00e9pondent aux normes de qualit\u00e9 les plus \u00e9lev\u00e9es et sont soutenues par les certifications de qualit\u00e9 que nous poss\u00e9dons et qui sont soumises \u00e0 des audits externes rigoureux et p\u00e9riodiques pour leur maintien et leur renouvellement, nous avons \u00e9galement souscrit depuis de nombreuses ann\u00e9es une assurance responsabilit\u00e9 civile [&hellip;]\" \/>\n<meta property=\"og:url\" content=\"https:\/\/clinter.es\/fr\/assurance-responsabilite-civile\/\" \/>\n<meta property=\"og:site_name\" content=\"Clinter\" \/>\n<meta property=\"article:modified_time\" content=\"2026-02-19T16:21:27+00:00\" \/>\n<meta name=\"twitter:card\" content=\"summary_large_image\" \/>\n<meta name=\"twitter:label1\" content=\"Dur\u00e9e de lecture estim\u00e9e\" \/>\n\t<meta name=\"twitter:data1\" content=\"1 minute\" \/>\n<script type=\"application\/ld+json\" class=\"yoast-schema-graph\">{\"@context\":\"https:\\\/\\\/schema.org\",\"@graph\":[{\"@type\":\"WebPage\",\"@id\":\"https:\\\/\\\/clinter.es\\\/fr\\\/assurance-responsabilite-civile\\\/\",\"url\":\"https:\\\/\\\/clinter.es\\\/fr\\\/assurance-responsabilite-civile\\\/\",\"name\":\"Assurance responsabilit\u00e9 civile - Clinter\",\"isPartOf\":{\"@id\":\"https:\\\/\\\/clinter.es\\\/fr\\\/#website\"},\"datePublished\":\"2026-02-19T16:08:13+00:00\",\"dateModified\":\"2026-02-19T16:21:27+00:00\",\"breadcrumb\":{\"@id\":\"https:\\\/\\\/clinter.es\\\/fr\\\/assurance-responsabilite-civile\\\/#breadcrumb\"},\"inLanguage\":\"fr-FR\",\"potentialAction\":[{\"@type\":\"ReadAction\",\"target\":[\"https:\\\/\\\/clinter.es\\\/fr\\\/assurance-responsabilite-civile\\\/\"]}]},{\"@type\":\"BreadcrumbList\",\"@id\":\"https:\\\/\\\/clinter.es\\\/fr\\\/assurance-responsabilite-civile\\\/#breadcrumb\",\"itemListElement\":[{\"@type\":\"ListItem\",\"position\":1,\"name\":\"Page d'accueil\",\"item\":\"https:\\\/\\\/clinter.es\\\/fr\\\/\"},{\"@type\":\"ListItem\",\"position\":2,\"name\":\"Assurance responsabilit\u00e9 civile\"}]},{\"@type\":\"WebSite\",\"@id\":\"https:\\\/\\\/clinter.es\\\/fr\\\/#website\",\"url\":\"https:\\\/\\\/clinter.es\\\/fr\\\/\",\"name\":\"Clinter\",\"description\":\"Traducciones e intepretaciones\",\"publisher\":{\"@id\":\"https:\\\/\\\/clinter.es\\\/fr\\\/#organization\"},\"potentialAction\":[{\"@type\":\"SearchAction\",\"target\":{\"@type\":\"EntryPoint\",\"urlTemplate\":\"https:\\\/\\\/clinter.es\\\/fr\\\/?s={search_term_string}\"},\"query-input\":{\"@type\":\"PropertyValueSpecification\",\"valueRequired\":true,\"valueName\":\"search_term_string\"}}],\"inLanguage\":\"fr-FR\"},{\"@type\":\"Organization\",\"@id\":\"https:\\\/\\\/clinter.es\\\/fr\\\/#organization\",\"name\":\"Clinter\",\"url\":\"https:\\\/\\\/clinter.es\\\/fr\\\/\",\"logo\":{\"@type\":\"ImageObject\",\"inLanguage\":\"fr-FR\",\"@id\":\"https:\\\/\\\/clinter.es\\\/fr\\\/#\\\/schema\\\/logo\\\/image\\\/\",\"url\":\"https:\\\/\\\/clinter.es\\\/wp-content\\\/uploads\\\/2025\\\/06\\\/logo-color-clinter.png\",\"contentUrl\":\"https:\\\/\\\/clinter.es\\\/wp-content\\\/uploads\\\/2025\\\/06\\\/logo-color-clinter.png\",\"width\":300,\"height\":102,\"caption\":\"Clinter\"},\"image\":{\"@id\":\"https:\\\/\\\/clinter.es\\\/fr\\\/#\\\/schema\\\/logo\\\/image\\\/\"}}]}<\/script>\n<!-- \/ Yoast SEO plugin. -->","yoast_head_json":{"title":"Assurance responsabilit\u00e9 civile - Clinter","robots":{"index":"index","follow":"follow","max-snippet":"max-snippet:-1","max-image-preview":"max-image-preview:large","max-video-preview":"max-video-preview:-1"},"canonical":"https:\/\/clinter.es\/fr\/assurance-responsabilite-civile\/","og_locale":"fr_FR","og_type":"article","og_title":"Assurance responsabilit\u00e9 civile - Clinter","og_description":"En plus que nos traductions et interpr\u00e9tations r\u00e9pondent aux normes de qualit\u00e9 les plus \u00e9lev\u00e9es et sont soutenues par les certifications de qualit\u00e9 que nous poss\u00e9dons et qui sont soumises \u00e0 des audits externes rigoureux et p\u00e9riodiques pour leur maintien et leur renouvellement, nous avons \u00e9galement souscrit depuis de nombreuses ann\u00e9es une assurance responsabilit\u00e9 civile [&hellip;]","og_url":"https:\/\/clinter.es\/fr\/assurance-responsabilite-civile\/","og_site_name":"Clinter","article_modified_time":"2026-02-19T16:21:27+00:00","twitter_card":"summary_large_image","twitter_misc":{"Dur\u00e9e de lecture estim\u00e9e":"1 minute"},"schema":{"@context":"https:\/\/schema.org","@graph":[{"@type":"WebPage","@id":"https:\/\/clinter.es\/fr\/assurance-responsabilite-civile\/","url":"https:\/\/clinter.es\/fr\/assurance-responsabilite-civile\/","name":"Assurance responsabilit\u00e9 civile - Clinter","isPartOf":{"@id":"https:\/\/clinter.es\/fr\/#website"},"datePublished":"2026-02-19T16:08:13+00:00","dateModified":"2026-02-19T16:21:27+00:00","breadcrumb":{"@id":"https:\/\/clinter.es\/fr\/assurance-responsabilite-civile\/#breadcrumb"},"inLanguage":"fr-FR","potentialAction":[{"@type":"ReadAction","target":["https:\/\/clinter.es\/fr\/assurance-responsabilite-civile\/"]}]},{"@type":"BreadcrumbList","@id":"https:\/\/clinter.es\/fr\/assurance-responsabilite-civile\/#breadcrumb","itemListElement":[{"@type":"ListItem","position":1,"name":"Page d'accueil","item":"https:\/\/clinter.es\/fr\/"},{"@type":"ListItem","position":2,"name":"Assurance responsabilit\u00e9 civile"}]},{"@type":"WebSite","@id":"https:\/\/clinter.es\/fr\/#website","url":"https:\/\/clinter.es\/fr\/","name":"Clinter","description":"Traducciones e intepretaciones","publisher":{"@id":"https:\/\/clinter.es\/fr\/#organization"},"potentialAction":[{"@type":"SearchAction","target":{"@type":"EntryPoint","urlTemplate":"https:\/\/clinter.es\/fr\/?s={search_term_string}"},"query-input":{"@type":"PropertyValueSpecification","valueRequired":true,"valueName":"search_term_string"}}],"inLanguage":"fr-FR"},{"@type":"Organization","@id":"https:\/\/clinter.es\/fr\/#organization","name":"Clinter","url":"https:\/\/clinter.es\/fr\/","logo":{"@type":"ImageObject","inLanguage":"fr-FR","@id":"https:\/\/clinter.es\/fr\/#\/schema\/logo\/image\/","url":"https:\/\/clinter.es\/wp-content\/uploads\/2025\/06\/logo-color-clinter.png","contentUrl":"https:\/\/clinter.es\/wp-content\/uploads\/2025\/06\/logo-color-clinter.png","width":300,"height":102,"caption":"Clinter"},"image":{"@id":"https:\/\/clinter.es\/fr\/#\/schema\/logo\/image\/"}}]}},"_links":{"self":[{"href":"https:\/\/clinter.es\/fr\/wp-json\/wp\/v2\/pages\/16342","targetHints":{"allow":["GET"]}}],"collection":[{"href":"https:\/\/clinter.es\/fr\/wp-json\/wp\/v2\/pages"}],"about":[{"href":"https:\/\/clinter.es\/fr\/wp-json\/wp\/v2\/types\/page"}],"author":[{"embeddable":true,"href":"https:\/\/clinter.es\/fr\/wp-json\/wp\/v2\/users\/8"}],"replies":[{"embeddable":true,"href":"https:\/\/clinter.es\/fr\/wp-json\/wp\/v2\/comments?post=16342"}],"version-history":[{"count":7,"href":"https:\/\/clinter.es\/fr\/wp-json\/wp\/v2\/pages\/16342\/revisions"}],"predecessor-version":[{"id":16358,"href":"https:\/\/clinter.es\/fr\/wp-json\/wp\/v2\/pages\/16342\/revisions\/16358"}],"wp:attachment":[{"href":"https:\/\/clinter.es\/fr\/wp-json\/wp\/v2\/media?parent=16342"}],"curies":[{"name":"wp","href":"https:\/\/api.w.org\/{rel}","templated":true}]}}